{"id":969,"date":"2021-12-12T08:51:12","date_gmt":"2021-12-11T22:51:12","guid":{"rendered":"https:\/\/engqualvalworkshop.com\/?page_id=969"},"modified":"2023-09-21T12:38:00","modified_gmt":"2023-09-21T02:38:00","slug":"workshop-offer","status":"publish","type":"page","link":"https:\/\/engqualvalworkshop.com\/pt\/workshop-offer\/","title":{"rendered":"FW \u2013 OFERTA workshop"},"content":{"rendered":"\n\n\t\t\t\t<a href=\"https:\/\/validationmentoring.com\" target=\"_blank\" rel=\"noopener\" itemprop=\"url\">\n\t\t\t\t<img loading=\"lazy\" decoding=\"async\" src=\"https:\/\/engqualvalworkshop.com\/wp-content\/uploads\/2023\/05\/Engineer-Journey-2023-logo.png\" alt=\"Engineer Journey 2023 logo\" itemprop=\"image\" height=\"500\" width=\"500\" title=\"Engineer Journey 2023 logo\" onerror=\"this.style.display='none'\"  \/>\n\t\t\t\t<\/a>\n\t<div class=\" hurrytimer-campaign hurryt-loading hurrytimer-campaign-1281\" data-config=\"{&quot;id&quot;:1281,&quot;run_in_background&quot;:false,&quot;sticky&quot;:false,&quot;product_ids&quot;:[],&quot;actions&quot;:[{&quot;id&quot;:6,&quot;redirectUrl&quot;:&quot;&quot;,&quot;message&quot;:&quot;Enrolments for the Validation Formula are closed!&quot;,&quot;coupon&quot;:&quot;&quot;,&quot;wcStockStatus&quot;:&quot;instock&quot;}],&quot;template&quot;:&quot;&lt;div class=\\&quot;hurrytimer-timer-block \\&quot;&gt;&lt;div class=\\&quot;hurrytimer-timer-digit \\&quot;&gt;%D&lt;\\\/div&gt;&lt;div class=\\&quot;hurrytimer-timer-label \\&quot; &gt;days&lt;\\\/div&gt;&lt;\\\/div&gt;&lt;div class=\\&quot; hurrytimer-timer-sep\\&quot;&gt;:&lt;\\\/div&gt;&lt;div class=\\&quot;hurrytimer-timer-block \\&quot;&gt;&lt;div class=\\&quot;hurrytimer-timer-digit \\&quot;&gt;%H&lt;\\\/div&gt;&lt;div class=\\&quot;hurrytimer-timer-label \\&quot; &gt;hrs&lt;\\\/div&gt;&lt;\\\/div&gt;&lt;div class=\\&quot; hurrytimer-timer-sep\\&quot;&gt;:&lt;\\\/div&gt;&lt;div class=\\&quot;hurrytimer-timer-block \\&quot;&gt;&lt;div class=\\&quot;hurrytimer-timer-digit \\&quot;&gt;%M&lt;\\\/div&gt;&lt;div class=\\&quot;hurrytimer-timer-label \\&quot; &gt;mins&lt;\\\/div&gt;&lt;\\\/div&gt;&lt;div class=\\&quot; hurrytimer-timer-sep\\&quot;&gt;:&lt;\\\/div&gt;&lt;div class=\\&quot;hurrytimer-timer-block \\&quot;&gt;&lt;div class=\\&quot;hurrytimer-timer-digit \\&quot;&gt;%S&lt;\\\/div&gt;&lt;div class=\\&quot;hurrytimer-timer-label \\&quot; &gt;secs&lt;\\\/div&gt;&lt;\\\/div&gt;&quot;,&quot;methods&quot;:[1,2],&quot;mode&quot;:&quot;one_time&quot;,&quot;sticky_bar_hide_timeout&quot;:7,&quot;recurr&quot;:false,&quot;timeToNextRecurrence&quot;:0,&quot;isRegular&quot;:true,&quot;endDate&quot;:1723384740000}\" ><div class=\" hurrytimer-headline\">Validation Formula enrolments finish in...<\/div><div class=\" hurrytimer-timer\"><\/div><\/div>\n\t\t\t<a href=\"https:\/\/validationmentoring.com\" target=\"_blank\" role=\"button\" rel=\"noopener\">\n\t\t\t\t\t\t\tCLICK HERE TO FOR THE WORKSHOP OFFER OF THE VALIDATION FORMULA ONLINE MENTORING PROGRAM\n\t\t\t\t\t<\/a>\n\t\t\t<a href=\"https:\/\/validationmentoring.com\" target=\"_blank\" role=\"button\" rel=\"noopener\">\n\t\t\t\t\t\t\tClick here to get the WORKSHOP Offer with $600 discount\n\t\t\t\t\t<\/a>\n\t\t\t\t<a href=\"https:\/\/validationmentoring.com\" target=\"_blank\" rel=\"noopener\" itemprop=\"url\">\n\t\t\t\t<img loading=\"lazy\" decoding=\"async\" src=\"https:\/\/engqualvalworkshop.com\/wp-content\/uploads\/2023\/09\/Workshop-Offer-expires-1024x683.png\" alt=\"Workshop Offer expires\" itemprop=\"image\" height=\"683\" width=\"1024\" title=\"Workshop Offer expires\" onerror=\"this.style.display='none'\"  \/>\n\t\t\t\t<\/a>\n\t<p>Also join our WhatsApp Group for this workshop. In the group you will receive the most important information about the workshop. Remember that it is common that emails are not going to make into your inbox.<\/p>\n\t\t\t<a href=\"https:\/\/chat.whatsapp.com\/KqvdoSxdhg59m9mLXEwQ4s\" target=\"_blank\" role=\"button\" rel=\"noopener\">\n\t\t\t\t\t\tI WANT TO JOIN THE WHATSAPP GROUP\n\t\t\t\t\t<\/a>\n\t<p><img loading=\"lazy\" decoding=\"async\" src=\"https:\/\/engqualvalworkshop.com\/wp-content\/uploads\/2021\/05\/tick_box_green-removebg.png\" alt=\"\" width=\"75\" height=\"74\" \/><\/p>\n\t<p>I authorise the inclusion of my mobile number in the WhatsApp group of the workshop, and I am aware that my mobile number, name and photo will be visible to other group members.<\/p>\n<h2>\n\t\tLeave your comments below:\n\t<\/h2>\n\t<p>What is your biggest question about the validation process?<\/p>\n<h2>\n\t\ttestimonies from some of validated engineers in australia\n\t<\/h2>\n    <!--presto-player:video_id=3--><figure>\n    \n    \n<\/figure>        \n    <!--presto-player:video_id=2--><figure>\n    \n    \n<\/figure>        \n    <!--presto-player:video_id=4--><figure>\n    \n    \n<\/figure>        \n    <!--presto-player:video_id=1--><figure>\n    \n    \n<\/figure>        \n        \n","protected":false},"excerpt":{"rendered":"<p>CLIQUE AQUI PARA OFERTA DE WORKSHOP DO PROGRAMA DE MENTORIA ONLINE DE F\u00d3RMULA DE VALIDA\u00c7\u00c3O Clique aqui para obter a oferta de WORKSHOP com desconto de $600 Junte-se tamb\u00e9m ao nosso grupo de WhatsApp para este workshop. No grupo voc\u00ea receber\u00e1 as informa\u00e7\u00f5es mais importantes sobre o workshop. Lembre-se que \u00e9 comum que os e-mails n\u00e3o sejam enviados\u2026<\/p>\n<p class=\"read-more\"> <a class=\"\" href=\"https:\/\/engqualvalworkshop.com\/pt\/workshop-offer\/\"> <span class=\"screen-reader-text\">FW \u2013 OFERTA workshop<\/span> Leia mais \u00bb<\/a><\/p>","protected":false},"author":1,"featured_media":0,"parent":0,"menu_order":0,"comment_status":"closed","ping_status":"open","template":"","meta":{"om_disable_all_campaigns":false,"_monsterinsights_skip_tracking":false,"_monsterinsights_sitenote_active":false,"_monsterinsights_sitenote_note":"","_monsterinsights_sitenote_category":0,"footnotes":""},"class_list":["post-969","page","type-page","status-publish","hentry"],"jetpack_sharing_enabled":true,"_links":{"self":[{"href":"https:\/\/engqualvalworkshop.com\/pt\/wp-json\/wp\/v2\/pages\/969","targetHints":{"allow":["GET"]}}],"collection":[{"href":"https:\/\/engqualvalworkshop.com\/pt\/wp-json\/wp\/v2\/pages"}],"about":[{"href":"https:\/\/engqualvalworkshop.com\/pt\/wp-json\/wp\/v2\/types\/page"}],"author":[{"embeddable":true,"href":"https:\/\/engqualvalworkshop.com\/pt\/wp-json\/wp\/v2\/users\/1"}],"replies":[{"embeddable":true,"href":"https:\/\/engqualvalworkshop.com\/pt\/wp-json\/wp\/v2\/comments?post=969"}],"version-history":[{"count":9,"href":"https:\/\/engqualvalworkshop.com\/pt\/wp-json\/wp\/v2\/pages\/969\/revisions"}],"predecessor-version":[{"id":1429,"href":"https:\/\/engqualvalworkshop.com\/pt\/wp-json\/wp\/v2\/pages\/969\/revisions\/1429"}],"wp:attachment":[{"href":"https:\/\/engqualvalworkshop.com\/pt\/wp-json\/wp\/v2\/media?parent=969"}],"curies":[{"name":"wp","href":"https:\/\/api.w.org\/{rel}","templated":true}]}}