{"id":660,"date":"2021-05-30T17:01:14","date_gmt":"2021-05-30T07:01:14","guid":{"rendered":"https:\/\/engqualvalworkshop.com\/?page_id=660"},"modified":"2023-09-21T10:31:28","modified_gmt":"2023-09-21T00:31:28","slug":"workshop-hub-opening-webinar-1-2-3-activated","status":"publish","type":"page","link":"https:\/\/engqualvalworkshop.com\/pt\/workshop-hub-opening-webinar-1-2-3-activated\/","title":{"rendered":"FW - webinar de abertura do hub do workshop + 1 + 2 + 3 ativado"},"content":{"rendered":"\n\n\t\t\t\t<img loading=\"lazy\" decoding=\"async\" src=\"https:\/\/engqualvalworkshop.com\/wp-content\/uploads\/2023\/02\/Eng-Qual-Val-Workshop-logo-VF19.png\" alt=\"Eng Qual Val Workshop logo VF19\" itemprop=\"image\" height=\"500\" width=\"500\" title=\"Eng Qual Val Workshop logo VF19\" onerror=\"this.style.display='none'\"  \/>\n\t<div class=\" hurrytimer-campaign hurryt-loading hurrytimer-campaign-967\" data-config=\"{&quot;id&quot;:967,&quot;run_in_background&quot;:false,&quot;sticky&quot;:false,&quot;product_ids&quot;:[],&quot;actions&quot;:[{&quot;id&quot;:1,&quot;redirectUrl&quot;:&quot;&quot;,&quot;message&quot;:&quot;&quot;,&quot;coupon&quot;:&quot;&quot;,&quot;wcStockStatus&quot;:&quot;instock&quot;}],&quot;template&quot;:&quot;&lt;div class=\\&quot;hurrytimer-timer-block \\&quot;&gt;&lt;div class=\\&quot;hurrytimer-timer-digit \\&quot;&gt;%D&lt;\\\/div&gt;&lt;div class=\\&quot;hurrytimer-timer-label \\&quot; &gt;days&lt;\\\/div&gt;&lt;\\\/div&gt;&lt;div class=\\&quot; hurrytimer-timer-sep\\&quot;&gt;:&lt;\\\/div&gt;&lt;div class=\\&quot;hurrytimer-timer-block \\&quot;&gt;&lt;div class=\\&quot;hurrytimer-timer-digit \\&quot;&gt;%H&lt;\\\/div&gt;&lt;div class=\\&quot;hurrytimer-timer-label \\&quot; &gt;hrs&lt;\\\/div&gt;&lt;\\\/div&gt;&lt;div class=\\&quot; hurrytimer-timer-sep\\&quot;&gt;:&lt;\\\/div&gt;&lt;div class=\\&quot;hurrytimer-timer-block \\&quot;&gt;&lt;div class=\\&quot;hurrytimer-timer-digit \\&quot;&gt;%M&lt;\\\/div&gt;&lt;div class=\\&quot;hurrytimer-timer-label \\&quot; &gt;mins&lt;\\\/div&gt;&lt;\\\/div&gt;&lt;div class=\\&quot; hurrytimer-timer-sep\\&quot;&gt;:&lt;\\\/div&gt;&lt;div class=\\&quot;hurrytimer-timer-block \\&quot;&gt;&lt;div class=\\&quot;hurrytimer-timer-digit \\&quot;&gt;%S&lt;\\\/div&gt;&lt;div class=\\&quot;hurrytimer-timer-label \\&quot; &gt;secs&lt;\\\/div&gt;&lt;\\\/div&gt;&quot;,&quot;methods&quot;:[1,2],&quot;mode&quot;:&quot;one_time&quot;,&quot;sticky_bar_hide_timeout&quot;:7,&quot;recurr&quot;:false,&quot;timeToNextRecurrence&quot;:0,&quot;isRegular&quot;:true,&quot;endDate&quot;:1697104800000}\" ><div class=\" hurrytimer-headline\">Closing Live Starts in...<\/div><div class=\" hurrytimer-timer\"><\/div><\/div>\n\t\t\t<a href=\"https:\/\/engineersinaustralia.com\/free-workshop\" target=\"_blank\" role=\"button\" rel=\"noopener\">\n\t\t\t\t\t\t\tCLICK HERE TO REGISTER IN THE FREE ONLINE WORKSHOP\n\t\t\t\t\t<\/a>\n\t\t\t\t<a href=\"https:\/\/youtube.com\/live\/9AICOsdUNbU?feature=share\" target=\"_self\" itemprop=\"url\" rel=\"noopener\">\n\t\t\t\t<img loading=\"lazy\" decoding=\"async\" src=\"https:\/\/engqualvalworkshop.com\/wp-content\/uploads\/2023\/02\/Opening-Session-YT-thumbnail.png\" alt=\"Opening Session YT thumbnail\" itemprop=\"image\" height=\"720\" width=\"1280\" title=\"Opening Session YT thumbnail\" onerror=\"this.style.display='none'\"  \/>\n\t\t\t\t<\/a>\n<h2>\n\t\tWORKSHOP CALENDAR &#8211; ALL DAYS AND TIMES ARE BRISBANE TIME (GMT+10)\n\t<\/h2>\n\t\t\t\t<img loading=\"lazy\" decoding=\"async\" src=\"https:\/\/engqualvalworkshop.com\/wp-content\/uploads\/2023\/09\/Calendar-VF22.png\" alt=\"Calendar VF22\" itemprop=\"image\" height=\"125\" width=\"1080\" title=\"Calendar VF22\" onerror=\"this.style.display='none'\"  \/>\n\t\t\t\t<a href=\"https:\/\/engqualvalworkshop.com\/opening-webinar-replay-1-2-3\/\" target=\"_self\" itemprop=\"url\" rel=\"noopener\">\n\t\t\t\t<img loading=\"lazy\" decoding=\"async\" src=\"https:\/\/engqualvalworkshop.com\/wp-content\/uploads\/2023\/02\/Opening-Session-YT-thumbnail.png\" alt=\"Opening Session YT thumbnail\" itemprop=\"image\" height=\"720\" width=\"1280\" title=\"Opening Session YT thumbnail\" onerror=\"this.style.display='none'\"  \/>\n\t\t\t\t<\/a>\n\t\t\t\t<a href=\"https:\/\/engqualvalworkshop.com\/video-1-2-3\/\" target=\"_self\" itemprop=\"url\" rel=\"noopener\">\n\t\t\t\t<img loading=\"lazy\" decoding=\"async\" src=\"https:\/\/engqualvalworkshop.com\/wp-content\/uploads\/2021\/05\/PLC1-Activated-website-300x169.png\" alt=\"PLC1 Activated website\" itemprop=\"image\" height=\"169\" width=\"300\" title=\"PLC1 Activated website\" onerror=\"this.style.display='none'\"  \/>\n\t\t\t\t<\/a>\n\t\t\t\t<a href=\"https:\/\/engqualvalworkshop.com\/video-2-3\" target=\"_self\" itemprop=\"url\" rel=\"noopener\">\n\t\t\t\t<img loading=\"lazy\" decoding=\"async\" src=\"https:\/\/engqualvalworkshop.com\/wp-content\/uploads\/2021\/05\/PLC2-Activated-website-300x169.png\" alt=\"PLC2 Activated website\" itemprop=\"image\" height=\"169\" width=\"300\" title=\"PLC2 Activated website\" onerror=\"this.style.display='none'\"  \/>\n\t\t\t\t<\/a>\n\t\t\t\t<a href=\"https:\/\/engqualvalworkshop.com\/video-3\/\" target=\"_self\" itemprop=\"url\" rel=\"noopener\">\n\t\t\t\t<img loading=\"lazy\" decoding=\"async\" src=\"https:\/\/engqualvalworkshop.com\/wp-content\/uploads\/2021\/05\/PLC3-Activated-website-300x169.png\" alt=\"PLC3 Activated website\" itemprop=\"image\" height=\"169\" width=\"300\" title=\"PLC3 Activated website\" onerror=\"this.style.display='none'\"  \/>\n\t\t\t\t<\/a>\n\t\t\t\t<a href=\"https:\/\/youtube.com\/live\/ksRewyEIS1w?feature=share\" target=\"_self\" itemprop=\"url\" rel=\"noopener\">\n\t\t\t\t<img loading=\"lazy\" decoding=\"async\" src=\"https:\/\/engqualvalworkshop.com\/wp-content\/uploads\/2023\/02\/Closing-Session-YT-thumbnail.png\" alt=\"Closing Session YT thumbnail\" itemprop=\"image\" height=\"720\" width=\"1280\" title=\"Closing Session YT thumbnail\" onerror=\"this.style.display='none'\"  \/>\n\t\t\t\t<\/a>\n\t<p>Also join our WhatsApp Group for this workshop. In the group you will receive the most important information about the workshop. Remember that it is common that emails are not going to make into your inbox.<\/p>\n\t\t\t<a href=\"https:\/\/chat.whatsapp.com\/KqvdoSxdhg59m9mLXEwQ4s\" target=\"_blank\" role=\"button\" rel=\"noopener\">\n\t\t\t\t\t\tI WANT TO JOIN THE WHATSAPP GROUP\n\t\t\t\t\t<\/a>\n\t<p><img loading=\"lazy\" decoding=\"async\" src=\"https:\/\/engqualvalworkshop.com\/wp-content\/uploads\/2021\/05\/tick_box_green-removebg.png\" alt=\"\" width=\"75\" height=\"74\" \/><\/p>\n\t<p>I authorise the inclusion of my mobile number in the WhatsApp group of the workshop, and I am aware that my mobile number, name and photo will be visible to other group members.<\/p>\n<h2>\n\t\tVIDEO 3 &#8211; CAREER EPISODES \/ PLAGIARISM \/ SUMMARY STATEMENT\n\t<\/h2>\n\tIn this last video I will be talking about the career episodes, their format and structure, and I will be talking about if you were\/are a self-employed engineer, and also about the risks of plagiarism and a brief explanation about the Summary Statement.<br \/>\nI will also be covering about the informal revision and formal appeal processes in case your application is not approved.\n<h2>\n\t\tLeave your comments below:\n\t<\/h2>\n\t<p>Write in the comments please, at least ONE learning from the video 3!<\/p>\n<h2>\n\t\ttestimonies from some of validated engineers in australia\n\t<\/h2>\n    <!--presto-player:video_id=3--><figure>\n    \n    \n<\/figure>        \n    <!--presto-player:video_id=2--><figure>\n    \n    \n<\/figure>        \n    <!--presto-player:video_id=4--><figure>\n    \n    \n<\/figure>        \n    <!--presto-player:video_id=1--><figure>\n    \n    \n<\/figure>        \n        \n","protected":false},"excerpt":{"rendered":"<p>CLIQUE AQUI PARA SE INSCREVER NO CALEND\u00c1RIO DE WORKSHOP ONLINE GRATUITO \u2013 TODOS OS DIAS E HOR\u00c1RIOS S\u00c3O HOR\u00c1RIO DE BRISBANE (GMT+10) Participe tamb\u00e9m do nosso Grupo de WhatsApp para este workshop. No grupo voc\u00ea receber\u00e1 as informa\u00e7\u00f5es mais importantes sobre o workshop. Lembre-se de que \u00e9 comum que os e-mails n\u00e3o cheguem ao seu\u2026<\/p>\n<p class=\"read-more\"> <a class=\"\" href=\"https:\/\/engqualvalworkshop.com\/pt\/workshop-hub-opening-webinar-1-2-3-activated\/\"> <span class=\"screen-reader-text\">FW - webinar de abertura do hub do workshop + 1 + 2 + 3 ativado<\/span> Leia mais \u00bb<\/a><\/p>","protected":false},"author":1,"featured_media":0,"parent":0,"menu_order":0,"comment_status":"closed","ping_status":"open","template":"","meta":{"om_disable_all_campaigns":false,"_monsterinsights_skip_tracking":false,"_monsterinsights_sitenote_active":false,"_monsterinsights_sitenote_note":"","_monsterinsights_sitenote_category":0,"footnotes":""},"class_list":["post-660","page","type-page","status-publish","hentry"],"jetpack_sharing_enabled":true,"_links":{"self":[{"href":"https:\/\/engqualvalworkshop.com\/pt\/wp-json\/wp\/v2\/pages\/660","targetHints":{"allow":["GET"]}}],"collection":[{"href":"https:\/\/engqualvalworkshop.com\/pt\/wp-json\/wp\/v2\/pages"}],"about":[{"href":"https:\/\/engqualvalworkshop.com\/pt\/wp-json\/wp\/v2\/types\/page"}],"author":[{"embeddable":true,"href":"https:\/\/engqualvalworkshop.com\/pt\/wp-json\/wp\/v2\/users\/1"}],"replies":[{"embeddable":true,"href":"https:\/\/engqualvalworkshop.com\/pt\/wp-json\/wp\/v2\/comments?post=660"}],"version-history":[{"count":8,"href":"https:\/\/engqualvalworkshop.com\/pt\/wp-json\/wp\/v2\/pages\/660\/revisions"}],"predecessor-version":[{"id":1405,"href":"https:\/\/engqualvalworkshop.com\/pt\/wp-json\/wp\/v2\/pages\/660\/revisions\/1405"}],"wp:attachment":[{"href":"https:\/\/engqualvalworkshop.com\/pt\/wp-json\/wp\/v2\/media?parent=660"}],"curies":[{"name":"wp","href":"https:\/\/api.w.org\/{rel}","templated":true}]}}