{"id":557,"date":"2021-05-29T21:00:31","date_gmt":"2021-05-29T11:00:31","guid":{"rendered":"https:\/\/engqualvalworkshop.com\/?page_id=557"},"modified":"2022-03-06T23:20:38","modified_gmt":"2022-03-06T13:20:38","slug":"video-1-2","status":"publish","type":"page","link":"https:\/\/engqualvalworkshop.com\/pt\/video-1-2\/","title":{"rendered":"FW - v\u00eddeo 1 + 2"},"content":{"rendered":"\n\n\t\t\t\t<img loading=\"lazy\" decoding=\"async\" src=\"https:\/\/engqualvalworkshop.com\/wp-content\/uploads\/2022\/02\/I-want-to-become-an-Engineer-in-Australia-logo-Eng-optimised.png\" alt=\"I want to become an Engineer in Australia logo Eng optimised\" itemprop=\"image\" height=\"500\" width=\"500\" title=\"I want to become an Engineer in Australia logo Eng optimised\" onerror=\"this.style.display='none'\"  \/>\n\t<div class=\" hurrytimer-campaign hurryt-loading hurrytimer-campaign-965\" data-config=\"{&quot;id&quot;:965,&quot;run_in_background&quot;:false,&quot;sticky&quot;:false,&quot;product_ids&quot;:[],&quot;actions&quot;:[{&quot;id&quot;:6,&quot;redirectUrl&quot;:&quot;&quot;,&quot;message&quot;:&quot;Live 3 has started&quot;,&quot;coupon&quot;:&quot;&quot;,&quot;wcStockStatus&quot;:&quot;instock&quot;}],&quot;template&quot;:&quot;&lt;div class=\\&quot;hurrytimer-timer-block \\&quot;&gt;&lt;div class=\\&quot;hurrytimer-timer-digit \\&quot;&gt;%D&lt;\\\/div&gt;&lt;div class=\\&quot;hurrytimer-timer-label \\&quot; &gt;days&lt;\\\/div&gt;&lt;\\\/div&gt;&lt;div class=\\&quot; hurrytimer-timer-sep\\&quot;&gt;:&lt;\\\/div&gt;&lt;div class=\\&quot;hurrytimer-timer-block \\&quot;&gt;&lt;div class=\\&quot;hurrytimer-timer-digit \\&quot;&gt;%H&lt;\\\/div&gt;&lt;div class=\\&quot;hurrytimer-timer-label \\&quot; &gt;hrs&lt;\\\/div&gt;&lt;\\\/div&gt;&lt;div class=\\&quot; hurrytimer-timer-sep\\&quot;&gt;:&lt;\\\/div&gt;&lt;div class=\\&quot;hurrytimer-timer-block \\&quot;&gt;&lt;div class=\\&quot;hurrytimer-timer-digit \\&quot;&gt;%M&lt;\\\/div&gt;&lt;div class=\\&quot;hurrytimer-timer-label \\&quot; &gt;mins&lt;\\\/div&gt;&lt;\\\/div&gt;&lt;div class=\\&quot; hurrytimer-timer-sep\\&quot;&gt;:&lt;\\\/div&gt;&lt;div class=\\&quot;hurrytimer-timer-block \\&quot;&gt;&lt;div class=\\&quot;hurrytimer-timer-digit \\&quot;&gt;%S&lt;\\\/div&gt;&lt;div class=\\&quot;hurrytimer-timer-label \\&quot; &gt;secs&lt;\\\/div&gt;&lt;\\\/div&gt;&quot;,&quot;methods&quot;:[1,2],&quot;mode&quot;:&quot;one_time&quot;,&quot;sticky_bar_hide_timeout&quot;:7,&quot;recurr&quot;:false,&quot;timeToNextRecurrence&quot;:0,&quot;isRegular&quot;:true,&quot;endDate&quot;:1741258800000}\" ><div class=\" hurrytimer-headline\">Live 3 starts in ...<\/div><div class=\" hurrytimer-timer\"><\/div><\/div>\n\t\t\t<a href=\"https:\/\/engineersinaustralia.com\/free-workshop\" target=\"_blank\" role=\"button\" rel=\"noopener\">\n\t\t\t\t\t\t\tCLICK HERE TO REGISTER IN THE FREE ONLINE WORKSHOP\n\t\t\t\t\t<\/a>\n<h2>\n\t\tvideo 1 in english\n\t<\/h2>\n    <!--presto-player:video_id=13--><figure>\n    \n    \n<\/figure>        \n        <h2>\n\t\tvideo 1 em portugu\u00eas\n\t<\/h2>\n    <!--presto-player:video_id=12--><figure>\n    \n    \n<\/figure>        \n\t\t\t\t<a href=\"https:\/\/engqualvalworkshop.com\/opening-webinar-replay-1-2\/\" target=\"_self\" itemprop=\"url\" rel=\"noopener\">\n\t\t\t\t<img loading=\"lazy\" decoding=\"async\" src=\"https:\/\/engqualvalworkshop.com\/wp-content\/uploads\/2022\/03\/Opening-Webinar-activated-website-optimised.png\" alt=\"Opening Webinar activated website optimised\" itemprop=\"image\" height=\"1080\" width=\"1920\" title=\"Opening Webinar activated website optimised\" onerror=\"this.style.display='none'\"  \/>\n\t\t\t\t<\/a>\n\t\t\t\t<a href=\"https:\/\/engqualvalworkshop.com\/video-2\/\" target=\"_self\" itemprop=\"url\" rel=\"noopener\">\n\t\t\t\t<img loading=\"lazy\" decoding=\"async\" src=\"https:\/\/engqualvalworkshop.com\/wp-content\/uploads\/2021\/05\/PLC2-Activated-website-300x169.png\" alt=\"PLC2 Activated website\" itemprop=\"image\" height=\"169\" width=\"300\" title=\"PLC2 Activated website\" onerror=\"this.style.display='none'\"  \/>\n\t\t\t\t<\/a>\n\t\t\t\t<img loading=\"lazy\" decoding=\"async\" src=\"https:\/\/engqualvalworkshop.com\/wp-content\/uploads\/2022\/02\/Videos-PLC3-locked-thumbnail.png\" alt=\"Videos PLC3 locked thumbnail\" itemprop=\"image\" height=\"1080\" width=\"1920\" title=\"Videos PLC3 locked thumbnail\" onerror=\"this.style.display='none'\"  \/>\n\t\t\t\t<img loading=\"lazy\" decoding=\"async\" src=\"https:\/\/engqualvalworkshop.com\/wp-content\/uploads\/2022\/02\/PLC4-locked-website-optimised.png\" alt=\"PLC4 locked website optimised\" itemprop=\"image\" height=\"1080\" width=\"1920\" title=\"PLC4 locked website optimised\" onerror=\"this.style.display='none'\"  \/>\n<h2>\n\t\tALL DAYS AND TIMES ARE BRISBANE TIME (GMT+10)\n\t<\/h2>\n\t\t\t\t<img loading=\"lazy\" decoding=\"async\" src=\"https:\/\/engqualvalworkshop.com\/wp-content\/uploads\/2022\/02\/Calendar-Eng-compressed.png\" alt=\"Calendar Eng compressed\" itemprop=\"image\" height=\"125\" width=\"1080\" title=\"Calendar Eng compressed\" onerror=\"this.style.display='none'\"  \/>\n\t<p>Also join our WhatsApp Group for this workshop. In the group you will receive the most important information about the workshop. Remember that it is common that emails are not going to make into your inbox.<\/p>\n\t\t\t<a href=\"https:\/\/chat.whatsapp.com\/IehVGqtoeGN9x4Ptw6vweA\" target=\"_blank\" role=\"button\" rel=\"noopener\">\n\t\t\t\t\t\tI WANT TO JOIN THE WHATSAPP GROUP\n\t\t\t\t\t<\/a>\n\t<p><img loading=\"lazy\" decoding=\"async\" src=\"https:\/\/engqualvalworkshop.com\/wp-content\/uploads\/2021\/05\/tick_box_green-removebg.png\" alt=\"\" width=\"75\" height=\"74\" \/><\/p>\n\t<p>I authorise the inclusion of my mobile number in the WhatsApp group of the workshop, and I am aware that my mobile number, name and photo will be visible to other group members.<\/p>\n<h2>\n\t\tVIDEO 1 &#8211; THE OPPORTUNITY FOR LIFE TRANSFORMATION\n\t<\/h2>\n\t<p>In this video #1, you will see the beginning of this journey, I will talk about the transformation opportunity and also explain the Pathways to validate the engineering qualification in Australia and the CDR steps (Competency Demonstration Report) of Engineers Australia.<\/p>\n<h2>\n\t\tLeave your comments below:\n\t<\/h2>\n\t<p>What is your biggest LEARNING from the video 1?<\/p>\n<h2>\n\t\ttestimonies from some of validated engineers in australia\n\t<\/h2>\n    <!--presto-player:video_id=3--><figure>\n    \n    \n<\/figure>        \n    <!--presto-player:video_id=2--><figure>\n    \n    \n<\/figure>        \n    <!--presto-player:video_id=4--><figure>\n    \n    \n<\/figure>        \n    <!--presto-player:video_id=1--><figure>\n    \n    \n<\/figure>        \n        \n","protected":false},"excerpt":{"rendered":"<p>CLIQUE AQUI PARA SE INSCREVER NO WORKSHOP ONLINE GRATUITO video 1 in english video 1 in english TODOS OS DIAS E HOR\u00c1RIOS S\u00c3O HOR\u00c1RIO DE BRISBANE (GMT+10) Participe tamb\u00e9m do nosso Grupo de WhatsApp para este workshop. No grupo voc\u00ea receber\u00e1 as informa\u00e7\u00f5es mais importantes sobre o workshop. Lembre-se que \u00e9 comum que os e-mails n\u00e3o sejam\u2026<\/p>\n<p class=\"read-more\"> <a class=\"\" href=\"https:\/\/engqualvalworkshop.com\/pt\/video-1-2\/\"> <span class=\"screen-reader-text\">FW - v\u00eddeo 1 + 2<\/span> Leia mais \u00bb<\/a><\/p>","protected":false},"author":1,"featured_media":0,"parent":0,"menu_order":0,"comment_status":"closed","ping_status":"open","template":"","meta":{"om_disable_all_campaigns":false,"_monsterinsights_skip_tracking":false,"_monsterinsights_sitenote_active":false,"_monsterinsights_sitenote_note":"","_monsterinsights_sitenote_category":0,"footnotes":""},"class_list":["post-557","page","type-page","status-publish","hentry"],"jetpack_sharing_enabled":true,"_links":{"self":[{"href":"https:\/\/engqualvalworkshop.com\/pt\/wp-json\/wp\/v2\/pages\/557","targetHints":{"allow":["GET"]}}],"collection":[{"href":"https:\/\/engqualvalworkshop.com\/pt\/wp-json\/wp\/v2\/pages"}],"about":[{"href":"https:\/\/engqualvalworkshop.com\/pt\/wp-json\/wp\/v2\/types\/page"}],"author":[{"embeddable":true,"href":"https:\/\/engqualvalworkshop.com\/pt\/wp-json\/wp\/v2\/users\/1"}],"replies":[{"embeddable":true,"href":"https:\/\/engqualvalworkshop.com\/pt\/wp-json\/wp\/v2\/comments?post=557"}],"version-history":[{"count":12,"href":"https:\/\/engqualvalworkshop.com\/pt\/wp-json\/wp\/v2\/pages\/557\/revisions"}],"predecessor-version":[{"id":1025,"href":"https:\/\/engqualvalworkshop.com\/pt\/wp-json\/wp\/v2\/pages\/557\/revisions\/1025"}],"wp:attachment":[{"href":"https:\/\/engqualvalworkshop.com\/pt\/wp-json\/wp\/v2\/media?parent=557"}],"curies":[{"name":"wp","href":"https:\/\/api.w.org\/{rel}","templated":true}]}}