{"id":554,"date":"2021-05-29T20:53:45","date_gmt":"2021-05-29T10:53:45","guid":{"rendered":"https:\/\/engqualvalworkshop.com\/?page_id=554"},"modified":"2022-03-06T23:29:25","modified_gmt":"2022-03-06T13:29:25","slug":"video-2","status":"publish","type":"page","link":"https:\/\/engqualvalworkshop.com\/pt\/video-2\/","title":{"rendered":"FW - v\u00eddeo 2"},"content":{"rendered":"\n\n\t\t\t\t<img loading=\"lazy\" decoding=\"async\" src=\"https:\/\/engqualvalworkshop.com\/wp-content\/uploads\/2022\/02\/I-want-to-become-an-Engineer-in-Australia-logo-Eng-optimised.png\" alt=\"I want to become an Engineer in Australia logo Eng optimised\" itemprop=\"image\" height=\"500\" width=\"500\" title=\"I want to become an Engineer in Australia logo Eng optimised\" onerror=\"this.style.display='none'\"  \/>\n\t<div class=\" hurrytimer-campaign hurryt-loading hurrytimer-campaign-965\" data-config=\"{&quot;id&quot;:965,&quot;run_in_background&quot;:false,&quot;sticky&quot;:false,&quot;product_ids&quot;:[],&quot;actions&quot;:[{&quot;id&quot;:6,&quot;redirectUrl&quot;:&quot;&quot;,&quot;message&quot;:&quot;Live 3 has started&quot;,&quot;coupon&quot;:&quot;&quot;,&quot;wcStockStatus&quot;:&quot;instock&quot;}],&quot;template&quot;:&quot;&lt;div class=\\&quot;hurrytimer-timer-block \\&quot;&gt;&lt;div class=\\&quot;hurrytimer-timer-digit \\&quot;&gt;%D&lt;\\\/div&gt;&lt;div class=\\&quot;hurrytimer-timer-label \\&quot; &gt;days&lt;\\\/div&gt;&lt;\\\/div&gt;&lt;div class=\\&quot; hurrytimer-timer-sep\\&quot;&gt;:&lt;\\\/div&gt;&lt;div class=\\&quot;hurrytimer-timer-block \\&quot;&gt;&lt;div class=\\&quot;hurrytimer-timer-digit \\&quot;&gt;%H&lt;\\\/div&gt;&lt;div class=\\&quot;hurrytimer-timer-label \\&quot; &gt;hrs&lt;\\\/div&gt;&lt;\\\/div&gt;&lt;div class=\\&quot; hurrytimer-timer-sep\\&quot;&gt;:&lt;\\\/div&gt;&lt;div class=\\&quot;hurrytimer-timer-block \\&quot;&gt;&lt;div class=\\&quot;hurrytimer-timer-digit \\&quot;&gt;%M&lt;\\\/div&gt;&lt;div class=\\&quot;hurrytimer-timer-label \\&quot; &gt;mins&lt;\\\/div&gt;&lt;\\\/div&gt;&lt;div class=\\&quot; hurrytimer-timer-sep\\&quot;&gt;:&lt;\\\/div&gt;&lt;div class=\\&quot;hurrytimer-timer-block \\&quot;&gt;&lt;div class=\\&quot;hurrytimer-timer-digit \\&quot;&gt;%S&lt;\\\/div&gt;&lt;div class=\\&quot;hurrytimer-timer-label \\&quot; &gt;secs&lt;\\\/div&gt;&lt;\\\/div&gt;&quot;,&quot;methods&quot;:[1,2],&quot;mode&quot;:&quot;one_time&quot;,&quot;sticky_bar_hide_timeout&quot;:7,&quot;recurr&quot;:false,&quot;timeToNextRecurrence&quot;:0,&quot;isRegular&quot;:true,&quot;endDate&quot;:1741258800000}\" ><div class=\" hurrytimer-headline\">Live 3 starts in ...<\/div><div class=\" hurrytimer-timer\"><\/div><\/div>\n\t\t\t<a href=\"https:\/\/engineersinaustralia.com\/free-workshop\" target=\"_self\" role=\"button\" rel=\"noopener\">\n\t\t\t\t\t\t\tCLICK HERE TO REGISTER IN THE FREE ONLINE WORKSHOP\n\t\t\t\t\t<\/a>\n<h2>\n\t\tvideo 2 in english\n\t<\/h2>\n\t\n<div class=\"wp-block-presto-player-reusable-edit\"><!--presto-player:video_id=8--><figure class=\"wp-block-video presto-block-video  presto-provider-bunny\" style=\"--plyr-color-main: var(--presto-player-highlight-color, #ff0000); --plyr-captions-background: #000000; --presto-player-border-radius: 10px; --presto-player-logo-width: 150px; \">\n\t<presto-player \n\t\tpreset='{&quot;id&quot;:6,&quot;name&quot;:&quot;Workshop Videos&quot;,&quot;slug&quot;:&quot;workshop-videos&quot;,&quot;icon&quot;:&quot;&quot;,&quot;skin&quot;:&quot;default&quot;,&quot;play-large&quot;:true,&quot;rewind&quot;:true,&quot;play&quot;:true,&quot;fast-forward&quot;:true,&quot;progress&quot;:true,&quot;current-time&quot;:true,&quot;mute&quot;:true,&quot;volume&quot;:true,&quot;speed&quot;:true,&quot;pip&quot;:false,&quot;fullscreen&quot;:false,&quot;reset_on_end&quot;:false,&quot;auto_hide&quot;:true,&quot;captions_enabled&quot;:false,&quot;save_player_position&quot;:true,&quot;sticky_scroll&quot;:true,&quot;sticky_scroll_position&quot;:&quot;bottom right&quot;,&quot;hide_youtube&quot;:false,&quot;lazy_load_youtube&quot;:false,&quot;hide_logo&quot;:false,&quot;border_radius&quot;:10,&quot;caption_style&quot;:&quot;default&quot;,&quot;caption_background&quot;:&quot;#000000&quot;,&quot;is_locked&quot;:false,&quot;email_collection&quot;:{&quot;enabled&quot;:false,&quot;behavior&quot;:&quot;pause&quot;,&quot;percentage&quot;:0,&quot;allow_skip&quot;:false,&quot;provider&quot;:&quot;&quot;,&quot;provider_list&quot;:&quot;&quot;,&quot;provider_tag&quot;:&quot;&quot;,&quot;border_radius&quot;:0,&quot;headline&quot;:&quot;&quot;,&quot;bottom_text&quot;:&quot;&quot;,&quot;button_text&quot;:&quot;&quot;},&quot;action_bar&quot;:{&quot;enabled&quot;:false,&quot;percentage_start&quot;:0,&quot;text&quot;:&quot;Like this video?&quot;,&quot;background_color&quot;:&quot;&quot;,&quot;button_type&quot;:&quot;custom&quot;,&quot;button_count&quot;:false,&quot;button_text&quot;:&quot;Click Here&quot;,&quot;button_radius&quot;:0,&quot;button_color&quot;:&quot;&quot;,&quot;button_link&quot;:{&quot;id&quot;:&quot;&quot;,&quot;url&quot;:&quot;&quot;,&quot;type&quot;:&quot;&quot;,&quot;opensInNewTab&quot;:false}},&quot;created_by&quot;:1,&quot;created_at&quot;:&quot;2021-05-29 00:17:45&quot;,&quot;updated_at&quot;:&quot;2021-05-29 00:33:31&quot;,&quot;deleted_at&quot;:&quot;&quot;,&quot;cta&quot;:[&quot;&quot;],&quot;play_video_viewport&quot;:false,&quot;captions&quot;:false,&quot;watermark&quot;:[&quot;&quot;],&quot;on_video_end&quot;:&quot;&quot;,&quot;search&quot;:[&quot;&quot;],&quot;show_time_elapsed&quot;:false}'\n\t\tbranding='{&quot;logo&quot;:&quot;&quot;,&quot;color&quot;:&quot;#ff0000&quot;,&quot;logo_width&quot;:150}'\n\t\tchapters='[]'\n\t\toverlays='[]'\n\t\ttracks='[]'\n\t\tblock-attributes='{&quot;playsInline&quot;:true,&quot;id&quot;:8,&quot;src&quot;:&quot;https:\\\/\\\/vz-37a4defb-cdc.b-cdn.net\\\/5157b1eb-a746-45ca-a450-2c4fef955d33\\\/playlist.m3u8&quot;,&quot;poster&quot;:&quot;https:\\\/\\\/engqualvalworkshop.com\\\/wp-content\\\/uploads\\\/2021\\\/05\\\/Watch-Video-2-1.png&quot;,&quot;preset&quot;:6,&quot;thumbnail&quot;:&quot;https:\\\/\\\/vz-37a4defb-cdc.b-cdn.net\\\/5157b1eb-a746-45ca-a450-2c4fef955d33\\\/thumbnail.jpg&quot;,&quot;preview&quot;:&quot;https:\\\/\\\/vz-37a4defb-cdc.b-cdn.net\\\/5157b1eb-a746-45ca-a450-2c4fef955d33\\\/preview.webp&quot;,&quot;visibility&quot;:&quot;public&quot;,&quot;color&quot;:&quot;#00b3ff&quot;,&quot;mutedPreview&quot;:{&quot;enabled&quot;:false,&quot;captions&quot;:false},&quot;mutedOverlay&quot;:{&quot;enabled&quot;:false,&quot;src&quot;:&quot;&quot;,&quot;width&quot;:200,&quot;focalPoint&quot;:{&quot;x&quot;:0.5,&quot;y&quot;:0.5}},&quot;mutedOverlayType&quot;:&quot;text&quot;,&quot;mutedOverlayText&quot;:&quot;Click to play&quot;,&quot;mutedOverlayImageWidth&quot;:200,&quot;chapters&quot;:[],&quot;overlays&quot;:[],&quot;tracks&quot;:[],&quot;TrpContentRestriction&quot;:{&quot;restriction_type&quot;:&quot;exclude&quot;,&quot;selected_languages&quot;:[],&quot;panel_open&quot;:true},&quot;title&quot;:&quot;Engineering Qualification Validation - Class 2 Final web optimised.m4v&quot;}'\n\t\tanalytics='1'\n\t\tautomations\t\tprovider='bunny'\n\t\t\t\tid=\"presto-player-1\"\n\t\tsrc=\"https:\/\/vz-37a4defb-cdc.b-cdn.net\/5157b1eb-a746-45ca-a450-2c4fef955d33\/playlist.m3u8\"\n\t\tmedia-title=\"Engineering Qualification Validation - Class 2 Final web optimised.m4v\"\n\t\tcss=\"\"\n\t\tclass=\"presto-video-id-8 presto-preset-id-6 skin-default caption-style-default\"\n\t\tskin=\"default\" \n\t\ticon-url=\"https:\/\/engqualvalworkshop.com\/wp-content\/plugins\/presto-player\/img\/sprite.svg\" \n\t\tpreload=\"\" \n\t\tposter=\"https:\/\/engqualvalworkshop.com\/wp-content\/uploads\/2021\/05\/Watch-Video-2-1.png\"\n\t\tyoutube=\"{&quot;noCookie&quot;:false,&quot;channelId&quot;:&quot;&quot;,&quot;show_count&quot;:false}\"\n\t\tprovider-video-id=\"\"\n\t\tvideo-id=\"8\"\n\t\t\t\tvideo-attributes='{}'\n\t\tplaysinline\t\t\t\t>\n\t\t    \n\n\t<\/presto-player>\n<\/figure>\t\t<script type=\"application\/ld+json\">\n\t\t\t{\"@context\":\"https:\\\/\\\/schema.org\",\"@type\":\"VideoObject\",\"name\":\"Engineering Qualification Validation - Class 2 Final web optimised.m4v\",\"thumbnailUrl\":\"https:\\\/\\\/engqualvalworkshop.com\\\/wp-content\\\/uploads\\\/2021\\\/05\\\/Watch-Video-2-1.png\",\"uploadDate\":\"2021-05-30T08:24:22+10:00\",\"contentUrl\":\"https:\\\/\\\/vz-37a4defb-cdc.b-cdn.net\\\/5157b1eb-a746-45ca-a450-2c4fef955d33\\\/playlist.m3u8\"}\t\t<\/script>\n\t\t<\/div>\n\n<h2>\n\t\tvideo 2 em portugu\u00eas\n\t<\/h2>\n\t\n<div class=\"wp-block-presto-player-reusable-edit\"><!--presto-player:video_id=19--><figure class=\"wp-block-video presto-block-video  presto-provider-bunny\" style=\"--plyr-color-main: var(--presto-player-highlight-color, #ff0000); --plyr-captions-background: #000000; --presto-player-border-radius: 10px; --presto-player-logo-width: 150px; \">\n\t<presto-player \n\t\tpreset='{&quot;id&quot;:6,&quot;name&quot;:&quot;Workshop Videos&quot;,&quot;slug&quot;:&quot;workshop-videos&quot;,&quot;icon&quot;:&quot;&quot;,&quot;skin&quot;:&quot;default&quot;,&quot;play-large&quot;:true,&quot;rewind&quot;:true,&quot;play&quot;:true,&quot;fast-forward&quot;:true,&quot;progress&quot;:true,&quot;current-time&quot;:true,&quot;mute&quot;:true,&quot;volume&quot;:true,&quot;speed&quot;:true,&quot;pip&quot;:false,&quot;fullscreen&quot;:false,&quot;reset_on_end&quot;:false,&quot;auto_hide&quot;:true,&quot;captions_enabled&quot;:false,&quot;save_player_position&quot;:true,&quot;sticky_scroll&quot;:true,&quot;sticky_scroll_position&quot;:&quot;bottom right&quot;,&quot;hide_youtube&quot;:false,&quot;lazy_load_youtube&quot;:false,&quot;hide_logo&quot;:false,&quot;border_radius&quot;:10,&quot;caption_style&quot;:&quot;default&quot;,&quot;caption_background&quot;:&quot;#000000&quot;,&quot;is_locked&quot;:false,&quot;email_collection&quot;:{&quot;enabled&quot;:false,&quot;behavior&quot;:&quot;pause&quot;,&quot;percentage&quot;:0,&quot;allow_skip&quot;:false,&quot;provider&quot;:&quot;&quot;,&quot;provider_list&quot;:&quot;&quot;,&quot;provider_tag&quot;:&quot;&quot;,&quot;border_radius&quot;:0,&quot;headline&quot;:&quot;&quot;,&quot;bottom_text&quot;:&quot;&quot;,&quot;button_text&quot;:&quot;&quot;},&quot;action_bar&quot;:{&quot;enabled&quot;:false,&quot;percentage_start&quot;:0,&quot;text&quot;:&quot;Like this video?&quot;,&quot;background_color&quot;:&quot;&quot;,&quot;button_type&quot;:&quot;custom&quot;,&quot;button_count&quot;:false,&quot;button_text&quot;:&quot;Click Here&quot;,&quot;button_radius&quot;:0,&quot;button_color&quot;:&quot;&quot;,&quot;button_link&quot;:{&quot;id&quot;:&quot;&quot;,&quot;url&quot;:&quot;&quot;,&quot;type&quot;:&quot;&quot;,&quot;opensInNewTab&quot;:false}},&quot;created_by&quot;:1,&quot;created_at&quot;:&quot;2021-05-29 00:17:45&quot;,&quot;updated_at&quot;:&quot;2021-05-29 00:33:31&quot;,&quot;deleted_at&quot;:&quot;&quot;,&quot;cta&quot;:[&quot;&quot;],&quot;play_video_viewport&quot;:false,&quot;captions&quot;:false,&quot;watermark&quot;:[&quot;&quot;],&quot;on_video_end&quot;:&quot;&quot;,&quot;search&quot;:[&quot;&quot;],&quot;show_time_elapsed&quot;:false}'\n\t\tbranding='{&quot;logo&quot;:&quot;&quot;,&quot;color&quot;:&quot;#ff0000&quot;,&quot;logo_width&quot;:150}'\n\t\tchapters='[]'\n\t\toverlays='[]'\n\t\ttracks='[]'\n\t\tblock-attributes='{&quot;playsInline&quot;:true,&quot;id&quot;:19,&quot;src&quot;:&quot;https:\\\/\\\/vz-37a4defb-cdc.b-cdn.net\\\/a71cc4dc-cdea-41cd-b746-cc1556921756\\\/playlist.m3u8&quot;,&quot;poster&quot;:&quot;https:\\\/\\\/engqualvalworkshop.com\\\/wp-content\\\/uploads\\\/2021\\\/05\\\/Assistir-video-2.png&quot;,&quot;preset&quot;:6,&quot;thumbnail&quot;:&quot;https:\\\/\\\/vz-37a4defb-cdc.b-cdn.net\\\/a71cc4dc-cdea-41cd-b746-cc1556921756\\\/thumbnail.jpg&quot;,&quot;preview&quot;:&quot;https:\\\/\\\/vz-37a4defb-cdc.b-cdn.net\\\/a71cc4dc-cdea-41cd-b746-cc1556921756\\\/preview.webp&quot;,&quot;visibility&quot;:&quot;public&quot;,&quot;color&quot;:&quot;#00b3ff&quot;,&quot;mutedPreview&quot;:{&quot;enabled&quot;:false,&quot;captions&quot;:false},&quot;mutedOverlay&quot;:{&quot;enabled&quot;:false,&quot;src&quot;:&quot;&quot;,&quot;width&quot;:200,&quot;focalPoint&quot;:{&quot;x&quot;:0.5,&quot;y&quot;:0.5}},&quot;mutedOverlayType&quot;:&quot;text&quot;,&quot;mutedOverlayText&quot;:&quot;Click to play&quot;,&quot;mutedOverlayImageWidth&quot;:200,&quot;chapters&quot;:[],&quot;overlays&quot;:[],&quot;tracks&quot;:[],&quot;TrpContentRestriction&quot;:{&quot;restriction_type&quot;:&quot;exclude&quot;,&quot;selected_languages&quot;:[],&quot;panel_open&quot;:true},&quot;title&quot;:&quot;Valida\\u00e7\\u00e3o Do Diploma De Engenharia - Aula 2 Ongoing web optimised.m4v&quot;}'\n\t\tanalytics='1'\n\t\tautomations\t\tprovider='bunny'\n\t\t\t\tid=\"presto-player-2\"\n\t\tsrc=\"https:\/\/vz-37a4defb-cdc.b-cdn.net\/a71cc4dc-cdea-41cd-b746-cc1556921756\/playlist.m3u8\"\n\t\tmedia-title=\"Valida\u00e7\u00e3o Do Diploma De Engenharia - Aula 2 Ongoing web optimised.m4v\"\n\t\tcss=\"\"\n\t\tclass=\"presto-video-id-19 presto-preset-id-6 skin-default caption-style-default\"\n\t\tskin=\"default\" \n\t\ticon-url=\"https:\/\/engqualvalworkshop.com\/wp-content\/plugins\/presto-player\/img\/sprite.svg\" \n\t\tpreload=\"\" \n\t\tposter=\"https:\/\/engqualvalworkshop.com\/wp-content\/uploads\/2021\/05\/Assistir-video-2.png\"\n\t\tyoutube=\"{&quot;noCookie&quot;:false,&quot;channelId&quot;:&quot;&quot;,&quot;show_count&quot;:false}\"\n\t\tprovider-video-id=\"\"\n\t\tvideo-id=\"19\"\n\t\t\t\tvideo-attributes='{}'\n\t\tplaysinline\t\t\t\t>\n\t\t    \n\n\t<\/presto-player>\n<\/figure>\t\t<script type=\"application\/ld+json\">\n\t\t\t{\"@context\":\"https:\\\/\\\/schema.org\",\"@type\":\"VideoObject\",\"name\":\"Valida\\u00e7\\u00e3o Do Diploma De Engenharia - Aula 2 Ongoing web optimised.m4v\",\"thumbnailUrl\":\"https:\\\/\\\/engqualvalworkshop.com\\\/wp-content\\\/uploads\\\/2021\\\/05\\\/Assistir-video-2.png\",\"uploadDate\":\"2022-07-10T08:19:28+10:00\",\"contentUrl\":\"https:\\\/\\\/vz-37a4defb-cdc.b-cdn.net\\\/a71cc4dc-cdea-41cd-b746-cc1556921756\\\/playlist.m3u8\"}\t\t<\/script>\n\t\t<\/div>\n\n\t\t\t\t<a href=\"https:\/\/engqualvalworkshop.com\/opening-webinar-replay-1-2\/\" target=\"_self\" itemprop=\"url\" rel=\"noopener\">\n\t\t\t\t<img loading=\"lazy\" decoding=\"async\" src=\"https:\/\/engqualvalworkshop.com\/wp-content\/uploads\/2022\/03\/Opening-Webinar-activated-website-optimised.png\" alt=\"Opening Webinar activated website optimised\" itemprop=\"image\" height=\"1080\" width=\"1920\" title=\"Opening Webinar activated website optimised\" onerror=\"this.style.display='none'\"  \/>\n\t\t\t\t<\/a>\n\t\t\t\t<a href=\"https:\/\/engqualvalworkshop.com\/video-1-2\/\" target=\"_self\" itemprop=\"url\" rel=\"noopener\">\n\t\t\t\t<img loading=\"lazy\" decoding=\"async\" src=\"https:\/\/engqualvalworkshop.com\/wp-content\/uploads\/2021\/05\/PLC1-Activated-website-300x169.png\" alt=\"PLC1 Activated website\" itemprop=\"image\" height=\"169\" width=\"300\" title=\"PLC1 Activated website\" onerror=\"this.style.display='none'\"  \/>\n\t\t\t\t<\/a>\n\t\t\t\t<img loading=\"lazy\" decoding=\"async\" src=\"https:\/\/engqualvalworkshop.com\/wp-content\/uploads\/2022\/02\/Videos-PLC3-locked-thumbnail.png\" alt=\"Videos PLC3 locked thumbnail\" itemprop=\"image\" height=\"1080\" width=\"1920\" title=\"Videos PLC3 locked thumbnail\" onerror=\"this.style.display='none'\"  \/>\n\t\t\t\t<img loading=\"lazy\" decoding=\"async\" src=\"https:\/\/engqualvalworkshop.com\/wp-content\/uploads\/2022\/02\/PLC4-locked-website-optimised.png\" alt=\"PLC4 locked website optimised\" itemprop=\"image\" height=\"1080\" width=\"1920\" title=\"PLC4 locked website optimised\" onerror=\"this.style.display='none'\"  \/>\n<h2>\n\t\tALL DAYS AND TIMES ARE BRISBANE TIME (GMT+10)\n\t<\/h2>\n\t\t\t\t<img loading=\"lazy\" decoding=\"async\" src=\"https:\/\/engqualvalworkshop.com\/wp-content\/uploads\/2022\/02\/Calendar-Eng-compressed.png\" alt=\"Calendar Eng compressed\" itemprop=\"image\" height=\"125\" width=\"1080\" title=\"Calendar Eng compressed\" onerror=\"this.style.display='none'\"  \/>\n\t<p>Also join our WhatsApp Group for this workshop. In the group you will receive the most important information about the workshop. Remember that it is common that emails are not going to make into your inbox.<\/p>\n\t\t\t<a href=\"https:\/\/chat.whatsapp.com\/IehVGqtoeGN9x4Ptw6vweA\" target=\"_blank\" role=\"button\" rel=\"noopener\">\n\t\t\t\t\t\tI WANT TO JOIN THE WHATSAPP GROUP\n\t\t\t\t\t<\/a>\n\t<p><img loading=\"lazy\" decoding=\"async\" src=\"https:\/\/engqualvalworkshop.com\/wp-content\/uploads\/2021\/05\/tick_box_green-removebg.png\" alt=\"\" width=\"75\" height=\"74\" \/><\/p>\n\t<p>I authorise the inclusion of my mobile number in the WhatsApp group of the workshop, and I am aware that my mobile number, name and photo will be visible to other group members.<\/p>\n<h2>\n\t\tVIDEO 2 &#8211; THE TOP 7 QUESTIONS &#038; TOP 7 MISTAKES\n\t<\/h2>\n\t<p>In this video #2, I talk about the Top 7 Questions about the Qualification Validation process, and I also reveal the Top 7 Mistakes that some engineers make when they are preparing their CDR. Also because many people were asking about what is the validation process for self-employed engineers or business owners, I am covering this topic in this video as well. And finally I cover and give 6 practical examples of CPD (Continuing Professional Development).<\/p>\n<h2>\n\t\tLeave your comments below:\n\t<\/h2>\n\t<p>What MISTAKE OR QUESTION did you make or have from the video 2?<\/p>\n<h2>\n\t\ttestimonies from some of validated engineers in australia\n\t<\/h2>\n    <!--presto-player:video_id=3--><figure>\n    \n    \n<\/figure>        \n    <!--presto-player:video_id=2--><figure>\n    \n    \n<\/figure>        \n    <!--presto-player:video_id=4--><figure>\n    \n    \n<\/figure>        \n    <!--presto-player:video_id=1--><figure>\n    \n    \n<\/figure>        \n        \n","protected":false},"excerpt":{"rendered":"<p>CLIQUE AQUI PARA SE INSCREVER NO WORKSHOP ONLINE GRATUITO video 2 in english video 2 in english TODOS OS DIAS E HOR\u00c1RIOS S\u00c3O HOR\u00c1RIO DE BRISBANE (GMT+10) Participe tamb\u00e9m do nosso Grupo de WhatsApp para este workshop. No grupo voc\u00ea receber\u00e1 as informa\u00e7\u00f5es mais importantes sobre o workshop. Lembre-se que \u00e9 comum que os e-mails n\u00e3o sejam\u2026<\/p>\n<p class=\"read-more\"> <a class=\"\" href=\"https:\/\/engqualvalworkshop.com\/pt\/video-2\/\"> <span class=\"screen-reader-text\">FW - v\u00eddeo 2<\/span> Leia mais \u00bb<\/a><\/p>","protected":false},"author":1,"featured_media":0,"parent":0,"menu_order":0,"comment_status":"closed","ping_status":"open","template":"","meta":{"om_disable_all_campaigns":false,"_monsterinsights_skip_tracking":false,"_monsterinsights_sitenote_active":false,"_monsterinsights_sitenote_note":"","_monsterinsights_sitenote_category":0,"footnotes":""},"class_list":["post-554","page","type-page","status-publish","hentry"],"jetpack_sharing_enabled":true,"_links":{"self":[{"href":"https:\/\/engqualvalworkshop.com\/pt\/wp-json\/wp\/v2\/pages\/554","targetHints":{"allow":["GET"]}}],"collection":[{"href":"https:\/\/engqualvalworkshop.com\/pt\/wp-json\/wp\/v2\/pages"}],"about":[{"href":"https:\/\/engqualvalworkshop.com\/pt\/wp-json\/wp\/v2\/types\/page"}],"author":[{"embeddable":true,"href":"https:\/\/engqualvalworkshop.com\/pt\/wp-json\/wp\/v2\/users\/1"}],"replies":[{"embeddable":true,"href":"https:\/\/engqualvalworkshop.com\/pt\/wp-json\/wp\/v2\/comments?post=554"}],"version-history":[{"count":20,"href":"https:\/\/engqualvalworkshop.com\/pt\/wp-json\/wp\/v2\/pages\/554\/revisions"}],"predecessor-version":[{"id":1027,"href":"https:\/\/engqualvalworkshop.com\/pt\/wp-json\/wp\/v2\/pages\/554\/revisions\/1027"}],"wp:attachment":[{"href":"https:\/\/engqualvalworkshop.com\/pt\/wp-json\/wp\/v2\/media?parent=554"}],"curies":[{"name":"wp","href":"https:\/\/api.w.org\/{rel}","templated":true}]}}