{"id":5,"date":"2019-01-29T18:42:36","date_gmt":"2019-01-29T18:42:36","guid":{"rendered":"http:\/\/engqualvalworkshop.com\/\/index.php\/wpforms-preview\/"},"modified":"2021-05-30T18:01:40","modified_gmt":"2021-05-30T08:01:40","slug":"wpforms-preview","status":"publish","type":"page","link":"https:\/\/engqualvalworkshop.com\/pt\/wpforms-preview\/","title":{"rendered":"Pr\u00e9-visualiza\u00e7\u00e3o de WPForms"},"content":{"rendered":"<p>Esta \u00e9 a p\u00e1gina de visualiza\u00e7\u00e3o do WPForms. Todas as suas visualiza\u00e7\u00f5es de formul\u00e1rio ser\u00e3o tratadas nesta p\u00e1gina.<\/p>\n<p>A p\u00e1gina est\u00e1 definida como privada, por isso n\u00e3o est\u00e1 acess\u00edvel publicamente. Por favor, n\u00e3o exclua esta p\u00e1gina \ud83d\ude42.<\/p>","protected":false},"excerpt":{"rendered":"<p>Esta \u00e9 a p\u00e1gina de visualiza\u00e7\u00e3o do WPForms. Todas as visualiza\u00e7\u00f5es de formul\u00e1rio ser\u00e3o tratadas nesta p\u00e1gina. A p\u00e1gina est\u00e1 definida como privada, por isso n\u00e3o \u00e9 acess\u00edvel publicamente. Por favor, n\u00e3o exclua esta p\u00e1gina \ud83d\ude42 .<\/p>","protected":false},"author":1,"featured_media":0,"parent":0,"menu_order":0,"comment_status":"closed","ping_status":"closed","template":"","meta":{"om_disable_all_campaigns":false,"_monsterinsights_skip_tracking":false,"_monsterinsights_sitenote_active":false,"_monsterinsights_sitenote_note":"","_monsterinsights_sitenote_category":0,"footnotes":""},"class_list":["post-5","page","type-page","status-publish","hentry"],"jetpack_sharing_enabled":true,"_links":{"self":[{"href":"https:\/\/engqualvalworkshop.com\/pt\/wp-json\/wp\/v2\/pages\/5","targetHints":{"allow":["GET"]}}],"collection":[{"href":"https:\/\/engqualvalworkshop.com\/pt\/wp-json\/wp\/v2\/pages"}],"about":[{"href":"https:\/\/engqualvalworkshop.com\/pt\/wp-json\/wp\/v2\/types\/page"}],"author":[{"embeddable":true,"href":"https:\/\/engqualvalworkshop.com\/pt\/wp-json\/wp\/v2\/users\/1"}],"replies":[{"embeddable":true,"href":"https:\/\/engqualvalworkshop.com\/pt\/wp-json\/wp\/v2\/comments?post=5"}],"version-history":[{"count":1,"href":"https:\/\/engqualvalworkshop.com\/pt\/wp-json\/wp\/v2\/pages\/5\/revisions"}],"predecessor-version":[{"id":632,"href":"https:\/\/engqualvalworkshop.com\/pt\/wp-json\/wp\/v2\/pages\/5\/revisions\/632"}],"wp:attachment":[{"href":"https:\/\/engqualvalworkshop.com\/pt\/wp-json\/wp\/v2\/media?parent=5"}],"curies":[{"name":"wp","href":"https:\/\/api.w.org\/{rel}","templated":true}]}}