{"id":1472,"date":"2024-05-13T22:53:53","date_gmt":"2024-05-13T12:53:53","guid":{"rendered":"https:\/\/engqualvalworkshop.com\/?page_id=1472"},"modified":"2025-02-26T00:34:16","modified_gmt":"2025-02-25T14:34:16","slug":"engineer-journey-2024-in-australia","status":"publish","type":"page","link":"https:\/\/engqualvalworkshop.com\/pt\/","title":{"rendered":"FW \u2013 Engineer Journey 2025 na Austr\u00e1lia"},"content":{"rendered":"\n<a href=\"https:\/\/chat.whatsapp.com\/HrSlrTp805T1aMV0UOKLYg\" target=\"_blank\" rel=\"noopener\" itemprop=\"url\">\n\t\t\t\t<img loading=\"lazy\" decoding=\"async\" src=\"https:\/\/engqualvalworkshop.com\/wp-content\/uploads\/2025\/02\/Eng-Qual-Val-Workshop-logo-2025.png\" alt=\"Eng Qual Val Workshop logo 2025\" itemprop=\"image\" height=\"500\" width=\"500\" title=\"Eng Qual Val Workshop logo 2025\" onerror=\"this.style.display='none'\">\n\t\t\t\t<\/a>\n\t<div class=\" hurrytimer-campaign hurryt-loading hurrytimer-campaign-957\" data-config=\"{&quot;id&quot;:957,&quot;run_in_background&quot;:false,&quot;sticky&quot;:false,&quot;product_ids&quot;:[],&quot;actions&quot;:[{&quot;id&quot;:6,&quot;redirectUrl&quot;:&quot;&quot;,&quot;message&quot;:&quot;Live 1 has started&quot;,&quot;coupon&quot;:&quot;&quot;,&quot;wcStockStatus&quot;:&quot;instock&quot;}],&quot;template&quot;:&quot;&lt;div class=\\&quot;hurrytimer-timer-block \\&quot;&gt;&lt;div class=\\&quot;hurrytimer-timer-digit \\&quot;&gt;%D&lt;\\\/div&gt;&lt;div class=\\&quot;hurrytimer-timer-label \\&quot; &gt;days&lt;\\\/div&gt;&lt;\\\/div&gt;&lt;div class=\\&quot; hurrytimer-timer-sep\\&quot;&gt;:&lt;\\\/div&gt;&lt;div class=\\&quot;hurrytimer-timer-block \\&quot;&gt;&lt;div class=\\&quot;hurrytimer-timer-digit \\&quot;&gt;%H&lt;\\\/div&gt;&lt;div class=\\&quot;hurrytimer-timer-label \\&quot; &gt;hrs&lt;\\\/div&gt;&lt;\\\/div&gt;&lt;div class=\\&quot; hurrytimer-timer-sep\\&quot;&gt;:&lt;\\\/div&gt;&lt;div class=\\&quot;hurrytimer-timer-block \\&quot;&gt;&lt;div class=\\&quot;hurrytimer-timer-digit \\&quot;&gt;%M&lt;\\\/div&gt;&lt;div class=\\&quot;hurrytimer-timer-label \\&quot; &gt;Mins&lt;\\\/div&gt;&lt;\\\/div&gt;&lt;div class=\\&quot; hurrytimer-timer-sep\\&quot;&gt;:&lt;\\\/div&gt;&lt;div class=\\&quot;hurrytimer-timer-block \\&quot;&gt;&lt;div class=\\&quot;hurrytimer-timer-digit \\&quot;&gt;%S&lt;\\\/div&gt;&lt;div class=\\&quot;hurrytimer-timer-label \\&quot; &gt;secs&lt;\\\/div&gt;&lt;\\\/div&gt;&quot;,&quot;methods&quot;:[1,2],&quot;mode&quot;:&quot;one_time&quot;,&quot;sticky_bar_hide_timeout&quot;:7,&quot;recurr&quot;:false,&quot;timeToNextRecurrence&quot;:0,&quot;isRegular&quot;:true,&quot;endDate&quot;:1741086000000}\" ><div class=\" hurrytimer-headline\">Live 1 starts in...<\/div><div class=\" hurrytimer-timer\"><\/div><\/div>\n\t\t\t<a href=\"https:\/\/engineersinaustralia.com\/free-workshop\" target=\"_blank\" rel=\"noopener\">\n\t\t\t\t\t\t\tCLICK HERE TO REGISTER IN THE WORKSHOP\n\t\t\t\t\t<\/a>\n\t<p><b>Click on the picture below to watch the session in Instagram<\/b><\/p>\n\t\t\t\t<a href=\"https:\/\/instagram.com\/gersonida\/live\" target=\"_blank\" rel=\"noopener\" itemprop=\"url\">\n\t\t\t\t<img loading=\"lazy\" decoding=\"async\" src=\"https:\/\/engqualvalworkshop.com\/wp-content\/uploads\/2025\/02\/Live-1-VF27.png\" alt=\"Live 1 VF27\" itemprop=\"image\" height=\"856\" width=\"1640\" title=\"Live 1 VF27\" onerror=\"this.style.display='none'\">\n\t\t\t\t<\/a>\n\t<p><a href=\"https:\/\/teams.microsoft.com\/l\/meetup-join\/19%3ameeting_YWQ5MmQwNGYtZjc1ZS00ZjVjLTllM2MtZDQ2NWQyN2UyMWNi%40thread.v2\/0?context=%7b%22Tid%22%3a%22aaf2c96b-4888-4432-887d-ffefdd9fdc90%22%2c%22Oid%22%3a%223f03d0f6-bdd2-4c54-b23a-4e26e1412496%22%7d\"><strong>Click on the picture below to watch the session in Instagram<\/strong><\/a><\/p>\n\t\t\t\t<a href=\"https:\/\/instagram.com\/gersonida\/live\" target=\"_blank\" rel=\"noopener\" itemprop=\"url\">\n\t\t\t\t<img loading=\"lazy\" decoding=\"async\" src=\"https:\/\/engqualvalworkshop.com\/wp-content\/uploads\/2025\/02\/Live-2-VF27.png\" alt=\"Live 2 VF27\" itemprop=\"image\" height=\"856\" width=\"1640\" title=\"Live 2 VF27\" onerror=\"this.style.display='none'\">\n\t\t\t\t<\/a>\n\t<p>&nbsp;<\/p>\n<p>&nbsp;<\/p>\n\t<p>Click on the picture below to watch the session in Instagram<\/p>\n\t\t\t\t<a href=\"https:\/\/instagram.com\/gersonida\/live\" target=\"_blank\" rel=\"noopener\" itemprop=\"url\">\n\t\t\t\t<img loading=\"lazy\" decoding=\"async\" src=\"https:\/\/engqualvalworkshop.com\/wp-content\/uploads\/2025\/02\/Live-3-VF27.png\" alt=\"Live 3 VF27\" itemprop=\"image\" height=\"856\" width=\"1640\" title=\"Live 3 VF27\" onerror=\"this.style.display='none'\">\n\t\t\t\t<\/a>\n\t<p>&nbsp;<\/p>\n<p>&nbsp;<\/p>\n<h2>\n\t\tCALENDAR BRISBANE TIME\n\t<\/h2>\n\t\t\t\t<img loading=\"lazy\" decoding=\"async\" src=\"https:\/\/engqualvalworkshop.com\/wp-content\/uploads\/2025\/02\/Calendar-VF27.png\" alt=\"Calendar VF27\" itemprop=\"image\" height=\"125\" width=\"1080\" title=\"Calendar VF27\" onerror=\"this.style.display='none'\">\n\t<p>&nbsp;<\/p>\n<p>&nbsp;<\/p>\n<h2>\n\t\tCALENDAR BRASILIA TIME\n\t<\/h2>\n\t\t\t\t<img loading=\"lazy\" decoding=\"async\" src=\"https:\/\/engqualvalworkshop.com\/wp-content\/uploads\/2025\/02\/Calendar-Port-VF27.png\" alt=\"Calendar Port VF27\" itemprop=\"image\" height=\"125\" width=\"1080\" title=\"Calendar Port VF27\" onerror=\"this.style.display='none'\">\n\t<p>Also join our Worksho WhatsApp group. In the group, you will get important information about the workshop. Remember that is very common that emails don&#8217;t get to your inbox, that&#8217;s why is important to join the workshop WhatsApp group.<\/p>\n\t\t\t<a href=\"https:\/\/chat.whatsapp.com\/HrSlrTp805T1aMV0UOKLYg\" target=\"_blank\" rel=\"noopener\">\n\t\t\t\t\t\tI WANT TO JOIN THE WORKSHOP WHATSAPP GROUP\n\t\t\t\t\t<\/a>\n\t<p><img loading=\"lazy\" decoding=\"async\" src=\"https:\/\/engqualvalworkshop.com\/wp-content\/uploads\/2021\/05\/tick_box_green-removebg.png\" alt=\"\" width=\"75\" height=\"74\"><\/p>\n\t<p>I authorise the inclusion of my mobile phone number in the Workshop WhatsApp Group, and I am aware that my mobile number and photo can be visible to other group members.<\/p>\n<h2>\n\t\tLeave a comment in the workshop WhatsApp group\n\t<\/h2>\n\t\t\t<a href=\"https:\/\/chat.whatsapp.com\/HrSlrTp805T1aMV0UOKLYg\" target=\"_blank\" rel=\"noopener\">\n\t\t\t\t\t\tLEAVE A COMMENT IN THE WHATSAPP GROUP\n\t\t\t\t\t<\/a>\n<h2>\n\t\ttestimonies from some of validated engineers in australia\n\t<\/h2>\n\t<!--presto-player:video_id=3--><figure>\n    \n    \n<\/figure>\t\t\n\t<!--presto-player:video_id=2--><figure>\n    \n    \n<\/figure>\t\t\n\t<!--presto-player:video_id=4--><figure>\n    \n    \n<\/figure>\t\t\n\t<!--presto-player:video_id=1--><figure>\n    \n    \n<\/figure>\n\n\n\n<p><\/p>\n","protected":false},"excerpt":{"rendered":"<p>CLIQUE AQUI PARA SE INSCREVER NO WORKSHOP Clique na imagem abaixo para assistir a sess\u00e3o no Instagram Clique na imagem abaixo para assistir a sess\u00e3o no Instagram Clique na imagem abaixo para assistir a sess\u00e3o no Instagram CALEND\u00c1RIO HOR\u00c1RIO DE BRISBANE CALEND\u00c1RIO HOR\u00c1RIO DE BRAS\u00cdLIA Participe tamb\u00e9m do nosso\u2026<\/p>\n<p class=\"read-more\"> <a class=\"\" href=\"https:\/\/engqualvalworkshop.com\/pt\/\"> <span class=\"screen-reader-text\">FW \u2013 Engineer Journey 2025 na Austr\u00e1lia<\/span> Leia mais \u00bb<\/a><\/p>","protected":false},"author":1,"featured_media":0,"parent":0,"menu_order":0,"comment_status":"closed","ping_status":"open","template":"","meta":{"om_disable_all_campaigns":false,"_monsterinsights_skip_tracking":false,"_monsterinsights_sitenote_active":false,"_monsterinsights_sitenote_note":"","_monsterinsights_sitenote_category":0,"footnotes":""},"class_list":["post-1472","page","type-page","status-publish","hentry"],"jetpack_sharing_enabled":true,"_links":{"self":[{"href":"https:\/\/engqualvalworkshop.com\/pt\/wp-json\/wp\/v2\/pages\/1472","targetHints":{"allow":["GET"]}}],"collection":[{"href":"https:\/\/engqualvalworkshop.com\/pt\/wp-json\/wp\/v2\/pages"}],"about":[{"href":"https:\/\/engqualvalworkshop.com\/pt\/wp-json\/wp\/v2\/types\/page"}],"author":[{"embeddable":true,"href":"https:\/\/engqualvalworkshop.com\/pt\/wp-json\/wp\/v2\/users\/1"}],"replies":[{"embeddable":true,"href":"https:\/\/engqualvalworkshop.com\/pt\/wp-json\/wp\/v2\/comments?post=1472"}],"version-history":[{"count":12,"href":"https:\/\/engqualvalworkshop.com\/pt\/wp-json\/wp\/v2\/pages\/1472\/revisions"}],"predecessor-version":[{"id":1522,"href":"https:\/\/engqualvalworkshop.com\/pt\/wp-json\/wp\/v2\/pages\/1472\/revisions\/1522"}],"wp:attachment":[{"href":"https:\/\/engqualvalworkshop.com\/pt\/wp-json\/wp\/v2\/media?parent=1472"}],"curies":[{"name":"wp","href":"https:\/\/api.w.org\/{rel}","templated":true}]}}