{"id":1446,"date":"2024-02-23T13:35:13","date_gmt":"2024-02-23T03:35:13","guid":{"rendered":"https:\/\/engqualvalworkshop.com\/?page_id=1446"},"modified":"2024-03-17T18:52:38","modified_gmt":"2024-03-17T08:52:38","slug":"validacao-do-diploma-de-engenharia-na-australia","status":"publish","type":"page","link":"https:\/\/engqualvalworkshop.com\/pt\/validacao-do-diploma-de-engenharia-na-australia\/","title":{"rendered":"FW \u2013 valida\u00e7\u00e3o do diploma de engenharia na australia"},"content":{"rendered":"\n\n\t\t\t\t<a href=\"https:\/\/chat.whatsapp.com\/GmIOhiBOxScARnu4lT5090\" target=\"_blank\" rel=\"noopener\" itemprop=\"url\">\n\t\t\t\t<img loading=\"lazy\" decoding=\"async\" src=\"https:\/\/engqualvalworkshop.com\/wp-content\/uploads\/2024\/02\/Eng-Qual-Val-Workshop-logo-VF24.png\" alt=\"Eng Qual Val Workshop logo VF24\" itemprop=\"image\" height=\"500\" width=\"500\" title=\"Eng Qual Val Workshop logo VF24\" onerror=\"this.style.display='none'\"  \/>\n\t\t\t\t<\/a>\n\t<div class=\" hurrytimer-campaign hurryt-loading hurrytimer-campaign-954\" data-config=\"{&quot;id&quot;:954,&quot;run_in_background&quot;:false,&quot;sticky&quot;:false,&quot;product_ids&quot;:[],&quot;actions&quot;:[{&quot;id&quot;:6,&quot;redirectUrl&quot;:&quot;&quot;,&quot;message&quot;:&quot;Live 2 started&quot;,&quot;coupon&quot;:&quot;&quot;,&quot;wcStockStatus&quot;:&quot;instock&quot;}],&quot;template&quot;:&quot;&lt;div class=\\&quot;hurrytimer-timer-block \\&quot;&gt;&lt;div class=\\&quot;hurrytimer-timer-digit \\&quot;&gt;%D&lt;\\\/div&gt;&lt;div class=\\&quot;hurrytimer-timer-label \\&quot; &gt;days&lt;\\\/div&gt;&lt;\\\/div&gt;&lt;div class=\\&quot; hurrytimer-timer-sep\\&quot;&gt;:&lt;\\\/div&gt;&lt;div class=\\&quot;hurrytimer-timer-block \\&quot;&gt;&lt;div class=\\&quot;hurrytimer-timer-digit \\&quot;&gt;%H&lt;\\\/div&gt;&lt;div class=\\&quot;hurrytimer-timer-label \\&quot; &gt;hrs&lt;\\\/div&gt;&lt;\\\/div&gt;&lt;div class=\\&quot; hurrytimer-timer-sep\\&quot;&gt;:&lt;\\\/div&gt;&lt;div class=\\&quot;hurrytimer-timer-block \\&quot;&gt;&lt;div class=\\&quot;hurrytimer-timer-digit \\&quot;&gt;%M&lt;\\\/div&gt;&lt;div class=\\&quot;hurrytimer-timer-label \\&quot; &gt;mins&lt;\\\/div&gt;&lt;\\\/div&gt;&lt;div class=\\&quot; hurrytimer-timer-sep\\&quot;&gt;:&lt;\\\/div&gt;&lt;div class=\\&quot;hurrytimer-timer-block \\&quot;&gt;&lt;div class=\\&quot;hurrytimer-timer-digit \\&quot;&gt;%S&lt;\\\/div&gt;&lt;div class=\\&quot;hurrytimer-timer-label \\&quot; &gt;secs&lt;\\\/div&gt;&lt;\\\/div&gt;&quot;,&quot;methods&quot;:[1,2],&quot;mode&quot;:&quot;one_time&quot;,&quot;sticky_bar_hide_timeout&quot;:7,&quot;recurr&quot;:false,&quot;timeToNextRecurrence&quot;:0,&quot;isRegular&quot;:true,&quot;endDate&quot;:1741172400000}\" ><div class=\" hurrytimer-headline\">Live 2 starts in...<\/div><div class=\" hurrytimer-timer\"><\/div><\/div>\n\t\t\t<a href=\"https:\/\/engineersinaustralia.com\/workshop-gratuito\" target=\"_blank\" role=\"button\" rel=\"noopener\">\n\t\t\t\t\t\t\tCLIQUE AQUI PARA SE INSCREVER NO WORKSHOP\n\t\t\t\t\t<\/a>\n\t<p><strong>ASSISTA \u00c0 SESS\u00c3O AO VIVO 1<\/strong><\/p>\n\t\t\t\t<a href=\"https:\/\/youtube.com\/live\/PWSiAKman5c?feature=share\" target=\"_blank\" rel=\"noopener\" itemprop=\"url\">\n\t\t\t\t<img loading=\"lazy\" decoding=\"async\" src=\"https:\/\/engqualvalworkshop.com\/wp-content\/uploads\/2024\/03\/Live-1-VF24-YT-1.png\" alt=\"Live 1 VF24 YT\" itemprop=\"image\" height=\"856\" width=\"1640\" title=\"Live 1 VF24 YT\" onerror=\"this.style.display='none'\"  \/>\n\t\t\t\t<\/a>\n\t<p>&nbsp;<\/p>\n<p>&nbsp;<\/p>\n\t<p><strong>ASSISTA \u00c0 SESS\u00c3O AO VIVO 2<\/strong><\/p>\n\t\t\t\t<a href=\"https:\/\/youtube.com\/live\/JA_7tjlb7qg?feature=share\" target=\"_blank\" rel=\"noopener\" itemprop=\"url\">\n\t\t\t\t<img loading=\"lazy\" decoding=\"async\" src=\"https:\/\/engqualvalworkshop.com\/wp-content\/uploads\/2024\/03\/Live-2-VF24-YT.png\" alt=\"Live 2 VF24 YT\" itemprop=\"image\" height=\"856\" width=\"1640\" title=\"Live 2 VF24 YT\" onerror=\"this.style.display='none'\"  \/>\n\t\t\t\t<\/a>\n\t<p>&nbsp;<\/p>\n<p>&nbsp;<\/p>\n\t<p><strong>ASSISTA \u00c0 SESS\u00c3O AO VIVO 3<\/strong><\/p>\n\t\t\t\t<a href=\"https:\/\/youtube.com\/live\/US3birPyPGg?feature=share\" target=\"_blank\" rel=\"noopener\" itemprop=\"url\">\n\t\t\t\t<img loading=\"lazy\" decoding=\"async\" src=\"https:\/\/engqualvalworkshop.com\/wp-content\/uploads\/2024\/03\/Live-3-VF24-YT.png\" alt=\"Live 3 VF24 YT\" itemprop=\"image\" height=\"856\" width=\"1640\" title=\"Live 3 VF24 YT\" onerror=\"this.style.display='none'\"  \/>\n\t\t\t\t<\/a>\n\t<p>&nbsp;<\/p>\n<p>&nbsp;<\/p>\n<h2>\n\t\tCALEND\u00c1RIO NO HOR\u00c1RIO DE BRISBANE\n\t<\/h2>\n\t\t\t\t<img loading=\"lazy\" decoding=\"async\" src=\"https:\/\/engqualvalworkshop.com\/wp-content\/uploads\/2024\/02\/Calendario-BNE.png\" alt=\"Calend\u00e1rio BNE\" itemprop=\"image\" height=\"125\" width=\"1080\" title=\"Calend\u00e1rio BNE\" onerror=\"this.style.display='none'\"  \/>\n\t<p>&nbsp;<\/p>\n<p>&nbsp;<\/p>\n<h2>\n\t\tCALEND\u00c1RIO NO HOR\u00c1RIO DE BRAS\u00cdLIA\n\t<\/h2>\n\t\t\t\t<img loading=\"lazy\" decoding=\"async\" src=\"https:\/\/engqualvalworkshop.com\/wp-content\/uploads\/2024\/02\/Calendario-BSB.png\" alt=\"Calend\u00e1rio BSB\" itemprop=\"image\" height=\"125\" width=\"1080\" title=\"Calend\u00e1rio BSB\" onerror=\"this.style.display='none'\"  \/>\n\t<p>Tamb\u00e9m fa\u00e7a parte do nosso grupo do WhatsApp deste workshop. No grupo, voc\u00ea vai receber informa\u00e7\u00f5es importantes sobre o workshop. Lembre-se que \u00e9 muito comum que os email n\u00e3o chegam na sua caixa de entrada, por isso que \u00e9 importante entrar no grupo do WhatsApp.<\/p>\n\t\t\t<a href=\"https:\/\/chat.whatsapp.com\/GmIOhiBOxScARnu4lT5090\" target=\"_blank\" role=\"button\" rel=\"noopener\">\n\t\t\t\t\t\tEU QUERO FAZER PARTE DO GRUPO DO WHATSAPP\n\t\t\t\t\t<\/a>\n\t<p><img loading=\"lazy\" decoding=\"async\" src=\"https:\/\/engqualvalworkshop.com\/wp-content\/uploads\/2021\/05\/tick_box_green-removebg.png\" alt=\"\" width=\"75\" height=\"74\" \/><\/p>\n\t<p>Eu autorizo a inclus\u00e3o do meu n\u00famero do telefone culular no grupo do WhatsApp do workshop, e estou ciente que meu n\u00famero do celular e foto podem ser vis\u00edveis \u00e0 outros membros do grupo.<\/p>\n<h2>\n\t\tDeixe seu coment\u00e1rio no grupo do WhatsApp do Workshop:\n\t<\/h2>\n\t\t\t<a href=\"https:\/\/chat.whatsapp.com\/GmIOhiBOxScARnu4lT5090\" target=\"_blank\" role=\"button\" rel=\"noopener\">\n\t\t\t\t\t\tDEIXAR COMENT\u00c1RIO NO WHATSAPP\n\t\t\t\t\t<\/a>\n<h2>\n\t\ttestimonies from some of validated engineers in australia\n\t<\/h2>\n    <!--presto-player:video_id=3--><figure>\n    \n    \n<\/figure>        \n    <!--presto-player:video_id=2--><figure>\n    \n    \n<\/figure>        \n    <!--presto-player:video_id=4--><figure>\n    \n    \n<\/figure>        \n    <!--presto-player:video_id=1--><figure>\n    \n    \n<\/figure>        \n        \n","protected":false},"excerpt":{"rendered":"<p>CLIQUE AQUI PARA SE INSCREVER NO WORKSHOP ASSISTA \u00c0 SESS\u00c3O AO VIVO 1 ASSISTA \u00c0 SESS\u00c3O AO VIVO 2 ASSISTA \u00c0 SESS\u00c3O AO VIVO 3 CALEND\u00c1RIO NO HOR\u00c1RIO DE BRISBANE CALEND\u00c1RIO NO HOR\u00c1RIO DE BRAS\u00cdLIA Tamb\u00e9m faz parte deste nosso grupo do WhatsApp workshop. Nenhum grupo,\u2026<\/p>\n<p class=\"read-more\"> <a class=\"\" href=\"https:\/\/engqualvalworkshop.com\/pt\/validacao-do-diploma-de-engenharia-na-australia\/\"> <span class=\"screen-reader-text\">FW \u2013 valida\u00e7\u00e3o do diploma de engenharia na australia<\/span> Leia mais \u00bb<\/a><\/p>","protected":false},"author":1,"featured_media":0,"parent":0,"menu_order":0,"comment_status":"closed","ping_status":"open","template":"","meta":{"om_disable_all_campaigns":false,"_monsterinsights_skip_tracking":false,"_monsterinsights_sitenote_active":false,"_monsterinsights_sitenote_note":"","_monsterinsights_sitenote_category":0,"footnotes":""},"class_list":["post-1446","page","type-page","status-publish","hentry"],"jetpack_sharing_enabled":true,"_links":{"self":[{"href":"https:\/\/engqualvalworkshop.com\/pt\/wp-json\/wp\/v2\/pages\/1446","targetHints":{"allow":["GET"]}}],"collection":[{"href":"https:\/\/engqualvalworkshop.com\/pt\/wp-json\/wp\/v2\/pages"}],"about":[{"href":"https:\/\/engqualvalworkshop.com\/pt\/wp-json\/wp\/v2\/types\/page"}],"author":[{"embeddable":true,"href":"https:\/\/engqualvalworkshop.com\/pt\/wp-json\/wp\/v2\/users\/1"}],"replies":[{"embeddable":true,"href":"https:\/\/engqualvalworkshop.com\/pt\/wp-json\/wp\/v2\/comments?post=1446"}],"version-history":[{"count":11,"href":"https:\/\/engqualvalworkshop.com\/pt\/wp-json\/wp\/v2\/pages\/1446\/revisions"}],"predecessor-version":[{"id":1470,"href":"https:\/\/engqualvalworkshop.com\/pt\/wp-json\/wp\/v2\/pages\/1446\/revisions\/1470"}],"wp:attachment":[{"href":"https:\/\/engqualvalworkshop.com\/pt\/wp-json\/wp\/v2\/media?parent=1446"}],"curies":[{"name":"wp","href":"https:\/\/api.w.org\/{rel}","templated":true}]}}