{"id":1057,"date":"2022-04-06T19:47:53","date_gmt":"2022-04-06T09:47:53","guid":{"rendered":"https:\/\/engqualvalworkshop.com\/?page_id=1057"},"modified":"2022-04-06T19:48:25","modified_gmt":"2022-04-06T09:48:25","slug":"ow-video-1","status":"publish","type":"page","link":"https:\/\/engqualvalworkshop.com\/pt\/ow-video-1\/","title":{"rendered":"OW \u2013 v\u00eddeo 1"},"content":{"rendered":"<p>SAIBA COMO INICIAR SUA APLICA\u00c7\u00c3O DA VALIDA\u00c7\u00c3O DO DIPLOMA DE ENGENHARIA!!!<\/p>\n\t\t\t<a href=\"https:\/\/engineersinaustralia.com\/workshop-gratuito\" target=\"_blank\" role=\"button\" rel=\"noopener\">\n\t\t\t\t\t\t\tCLIQUE AQUI PARA SE INSCREVER NO WORKSHOP ONLINE GRATUITO\n\t\t\t\t\t<\/a>\n<h2>\n\t\tvideo 1 em ingl\u00eas\n\t<\/h2>\n    <!--presto-player:video_id=13--><figure>\n    \n    \n<\/figure>        \n        <h2>\n\t\tvideo 1 em portugu\u00eas\n\t<\/h2>\n    <!--presto-player:video_id=12--><figure>\n    \n    \n<\/figure>        \n\t\t\t\t<img loading=\"lazy\" decoding=\"async\" src=\"https:\/\/engqualvalworkshop.com\/wp-content\/uploads\/2022\/04\/PLC2-locked.png\" alt=\"PLC2 locked\" itemprop=\"image\" height=\"1080\" width=\"1920\" title=\"PLC2 bloqueado\" onerror=\"this.style.display='none'\">\n\t\t\t\t<img loading=\"lazy\" decoding=\"async\" src=\"https:\/\/engqualvalworkshop.com\/wp-content\/uploads\/2022\/04\/PLC3-locked.png\" alt=\"PLC3 locked\" itemprop=\"image\" height=\"1080\" width=\"1920\" title=\"PLC3 bloqueado\" onerror=\"this.style.display='none'\">\n\t<p>Fa\u00e7a parte tamb\u00e9m do nosso Grupo do WhatsApp para este workshop. No grupo voc\u00ea receber\u00e1 as informa\u00e7\u00f5es mais importantes sobre o workshop. Lembre-se de que \u00e9 comum que os e-mails n\u00e3o cheguem \u00e0 sua caixa de entrada.<\/p>\n\t\t\t<a href=\"https:\/\/chat.whatsapp.com\/IehVGqtoeGN9x4Ptw6vweA\" target=\"_blank\" role=\"button\" rel=\"noopener\">\n\t\t\t\t\t\tQUERO PARTICIPAR DO GRUPO DO WHATSAPP\n\t\t\t\t\t<\/a>\n\t<p><img loading=\"lazy\" decoding=\"async\" src=\"https:\/\/engqualvalworkshop.com\/wp-content\/uploads\/2021\/05\/tick_box_green-removebg.png\" alt=\"\" width=\"75\" height=\"74\"><\/p>\n\t<p>Autorizo a inclus\u00e3o do meu n\u00famero de celular no grupo WhatsApp do workshop, e estou ciente de que meu n\u00famero de celular, nome e foto ficar\u00e3o vis\u00edveis para os outros membros do grupo.<\/p>\n<h2>\n\t\tV\u00cdDEO 1 - A OPORTUNIDADE DE TRANSFORMA\u00c7\u00c3O DE VIDA\n\t<\/h2>\n\t<p>Neste v\u00eddeo #1, voc\u00ea ver\u00e1 o in\u00edcio dessa jornada, falarei sobre a oportunidade de transforma\u00e7\u00e3o e tamb\u00e9m explicarei os Caminhos para validar o Diploma de Engenharia na Austr\u00e1lia e as etapas do CDR (Relat\u00f3rio de Demonstra\u00e7\u00e3o de Compet\u00eancia) do Engineers Australia.<\/p>\n<h2>\n\t\tDeixe seus coment\u00e1rios abaixo:\n\t<\/h2>\n\t<p>Qual \u00e9 o seu maior APRENDIZADO com o v\u00eddeo 1?<\/p>\n<h2>\n\t\ttestemunhos de alguns engenheiros(as) validados(as) na austr\u00e1lia\n\t<\/h2>\n    <!--presto-player:video_id=3--><figure>\n    \n    \n<\/figure>        \n    <!--presto-player:video_id=2--><figure>\n    \n    \n<\/figure>        \n    <!--presto-player:video_id=4--><figure>\n    \n    \n<\/figure>        \n    <!--presto-player:video_id=1--><figure>\n    \n    \n<\/figure>","protected":false},"excerpt":{"rendered":"<p>SAIBA COMO INICIAR SEU APLICATIVO DE VALIDA\u00c7\u00c3O DE QUALIFICA\u00c7\u00c3O DE ENGENHARIA!!! CLIQUE AQUI PARA SE INSCREVER NO WORKSHOP ONLINE GRATUITO video 1 in english video 1 in english Participe tamb\u00e9m do nosso Grupo de WhatsApp para este workshop. No grupo voc\u00ea receber\u00e1 as informa\u00e7\u00f5es mais importantes sobre o workshop. Lembre-se que \u00e9 comum que os e-mails sejam\u2026<\/p>\n<p class=\"read-more\"> <a class=\"\" href=\"https:\/\/engqualvalworkshop.com\/pt\/ow-video-1\/\"> <span class=\"screen-reader-text\">OW \u2013 v\u00eddeo 1<\/span> Leia mais \u00bb<\/a><\/p>","protected":false},"author":1,"featured_media":0,"parent":0,"menu_order":0,"comment_status":"closed","ping_status":"open","template":"","meta":{"om_disable_all_campaigns":false,"_monsterinsights_skip_tracking":false,"_monsterinsights_sitenote_active":false,"_monsterinsights_sitenote_note":"","_monsterinsights_sitenote_category":0,"footnotes":""},"class_list":["post-1057","page","type-page","status-publish","hentry"],"jetpack_sharing_enabled":true,"_links":{"self":[{"href":"https:\/\/engqualvalworkshop.com\/pt\/wp-json\/wp\/v2\/pages\/1057","targetHints":{"allow":["GET"]}}],"collection":[{"href":"https:\/\/engqualvalworkshop.com\/pt\/wp-json\/wp\/v2\/pages"}],"about":[{"href":"https:\/\/engqualvalworkshop.com\/pt\/wp-json\/wp\/v2\/types\/page"}],"author":[{"embeddable":true,"href":"https:\/\/engqualvalworkshop.com\/pt\/wp-json\/wp\/v2\/users\/1"}],"replies":[{"embeddable":true,"href":"https:\/\/engqualvalworkshop.com\/pt\/wp-json\/wp\/v2\/comments?post=1057"}],"version-history":[{"count":2,"href":"https:\/\/engqualvalworkshop.com\/pt\/wp-json\/wp\/v2\/pages\/1057\/revisions"}],"predecessor-version":[{"id":1063,"href":"https:\/\/engqualvalworkshop.com\/pt\/wp-json\/wp\/v2\/pages\/1057\/revisions\/1063"}],"wp:attachment":[{"href":"https:\/\/engqualvalworkshop.com\/pt\/wp-json\/wp\/v2\/media?parent=1057"}],"curies":[{"name":"wp","href":"https:\/\/api.w.org\/{rel}","templated":true}]}}