{"id":1051,"date":"2022-04-06T19:20:35","date_gmt":"2022-04-06T09:20:35","guid":{"rendered":"https:\/\/engqualvalworkshop.com\/?page_id=1051"},"modified":"2022-07-09T10:23:22","modified_gmt":"2022-07-09T00:23:22","slug":"ow-video-3-1-2","status":"publish","type":"page","link":"https:\/\/engqualvalworkshop.com\/pt\/ow-video-3-1-2\/","title":{"rendered":"OW \u2013 v\u00eddeo 3-1-2"},"content":{"rendered":"<p>SAIBA COMO INICIAR SUA APLICA\u00c7\u00c3O DA VALIDA\u00c7\u00c3O DO DIPLOMA DE ENGENHARIA!!!<\/p>\n\t\t\t<a href=\"https:\/\/engineersinaustralia.com\/workshop-gratuito\" target=\"_blank\" role=\"button\" rel=\"noopener\">\n\t\t\t\t\t\t\tCLIQUE AQUI PARA SE INSCREVER NO WORKSHOP ONLINE GRATUITO\n\t\t\t\t\t<\/a>\n<h2>\n\t\tvIdeo 3 em ingl\u00eas\n\t<\/h2>\n    <!--presto-player:video_id=18--><figure>\n    \n    \n<\/figure>        \n        <h2>\n\t\tvideo 3 em portugu\u00eas\n\t<\/h2>\n    <!--presto-player:video_id=10--><figure>\n    \n    \n<\/figure>        \n\t\t\t\t<a href=\"https:\/\/engqualvalworkshop.com\/pt\/ow-video-1-2-3\/\" target=\"_self\" itemprop=\"url\" rel=\"noopener\">\n\t\t\t\t<img loading=\"lazy\" decoding=\"async\" src=\"https:\/\/engqualvalworkshop.com\/wp-content\/uploads\/2021\/05\/PLC1-Activated-website-Bra.png\" alt=\"PLC1 Activated website\" itemprop=\"image\" height=\"169\" width=\"300\" title=\"Site PLC1 ativado\" onerror=\"this.style.display='none'\"  \/>\n\t\t\t\t<\/a>\n\t\t\t\t<a href=\"https:\/\/engqualvalworkshop.com\/pt\/ow-video-2-1-3\/\" target=\"_self\" itemprop=\"url\" rel=\"noopener\">\n\t\t\t\t<img loading=\"lazy\" decoding=\"async\" src=\"https:\/\/engqualvalworkshop.com\/wp-content\/uploads\/2021\/05\/PLC2-Activated-website-Bra.png\" alt=\"PLC2 Activated website\" itemprop=\"image\" height=\"169\" width=\"300\" title=\"Site PLC2 ativado\" onerror=\"this.style.display='none'\"  \/>\n\t\t\t\t<\/a>\n\t<p>Fa\u00e7a parte tamb\u00e9m do nosso Grupo do WhatsApp para este workshop. No grupo voc\u00ea receber\u00e1 as informa\u00e7\u00f5es mais importantes sobre o workshop. Lembre-se de que \u00e9 comum que os e-mails n\u00e3o cheguem \u00e0 sua caixa de entrada.<\/p>\n\t\t\t<a href=\"https:\/\/chat.whatsapp.com\/IehVGqtoeGN9x4Ptw6vweA\" target=\"_blank\" role=\"button\" rel=\"noopener\">\n\t\t\t\t\t\tQUERO PARTICIPAR DO GRUPO DO WHATSAPP\n\t\t\t\t\t<\/a>\n\t<p><img loading=\"lazy\" decoding=\"async\" src=\"https:\/\/engqualvalworkshop.com\/wp-content\/uploads\/2021\/05\/tick_box_green-removebg.png\" alt=\"\" width=\"75\" height=\"74\" \/><\/p>\n\t<p>Autorizo a inclus\u00e3o do meu n\u00famero de celular no grupo WhatsApp do workshop, e estou ciente de que meu n\u00famero de celular, nome e foto ficar\u00e3o vis\u00edveis para os outros membros do grupo.<\/p>\n<h2>\n\t\tV\u00cdDEO 3 \u2013 EPIS\u00d3DIOS DE CARREIRA \/ PL\u00c1GIO \/ DECLARA\u00c7\u00c3O SUM\u00c1RIA\n\t<\/h2>\n\tNeste \u00faltimo v\u00eddeo estarei falando sobre os epis\u00f3dios de carreira, seu formato e estrutura, e falarei sobre se voc\u00ea era \/ \u00e9 engenheiro aut\u00f4nomo, e tamb\u00e9m sobre os riscos de pl\u00e1gio e uma breve explica\u00e7\u00e3o sobre o Summary Statement.<br \/>\nTamb\u00e9m estarei cobrindo sobre a revis\u00e3o informal e os processos de apela\u00e7\u00e3o formal, caso sua aplica\u00e7\u00e3o n\u00e3o seja aprovada.\n<h2>\n\t\tDeixe seus coment\u00e1rios abaixo:\n\t<\/h2>\n\t<p>Escreva nos coment\u00e1rios, por favor, pelo menos UM aprendizado com o v\u00eddeo 3!<\/p>\n<h2>\n\t\ttestemunhos de alguns engenheiros(as) validados(as) na austr\u00e1lia\n\t<\/h2>\n    <!--presto-player:video_id=3--><figure>\n    \n    \n<\/figure>        \n    <!--presto-player:video_id=2--><figure>\n    \n    \n<\/figure>        \n    <!--presto-player:video_id=4--><figure>\n    \n    \n<\/figure>        \n    <!--presto-player:video_id=1--><figure>\n    \n    \n<\/figure>","protected":false},"excerpt":{"rendered":"<p>APRENDA COMO INICIAR SUA APLICA\u00c7\u00c3O DE VALIDA\u00c7\u00c3O DE QUALIFICA\u00c7\u00c3O DE ENGENHARIA!!! CLIQUE AQUI PARA SE INSCREVER NO WORKSHOP ONLINE GRATUITO video 3 in english video 3 in english Participe tamb\u00e9m do nosso Grupo de WhatsApp para este workshop. No grupo voc\u00ea receber\u00e1 as informa\u00e7\u00f5es mais importantes sobre o workshop. Lembre-se que \u00e9 comum que os e-mails sejam\u2026<\/p>\n<p class=\"read-more\"> <a class=\"\" href=\"https:\/\/engqualvalworkshop.com\/pt\/ow-video-3-1-2\/\"> <span class=\"screen-reader-text\">OW \u2013 v\u00eddeo 3-1-2<\/span> Leia mais \u00bb<\/a><\/p>","protected":false},"author":1,"featured_media":0,"parent":0,"menu_order":0,"comment_status":"closed","ping_status":"open","template":"","meta":{"om_disable_all_campaigns":false,"_monsterinsights_skip_tracking":false,"_monsterinsights_sitenote_active":false,"_monsterinsights_sitenote_note":"","_monsterinsights_sitenote_category":0,"footnotes":""},"class_list":["post-1051","page","type-page","status-publish","hentry"],"jetpack_sharing_enabled":true,"_links":{"self":[{"href":"https:\/\/engqualvalworkshop.com\/pt\/wp-json\/wp\/v2\/pages\/1051","targetHints":{"allow":["GET"]}}],"collection":[{"href":"https:\/\/engqualvalworkshop.com\/pt\/wp-json\/wp\/v2\/pages"}],"about":[{"href":"https:\/\/engqualvalworkshop.com\/pt\/wp-json\/wp\/v2\/types\/page"}],"author":[{"embeddable":true,"href":"https:\/\/engqualvalworkshop.com\/pt\/wp-json\/wp\/v2\/users\/1"}],"replies":[{"embeddable":true,"href":"https:\/\/engqualvalworkshop.com\/pt\/wp-json\/wp\/v2\/comments?post=1051"}],"version-history":[{"count":6,"href":"https:\/\/engqualvalworkshop.com\/pt\/wp-json\/wp\/v2\/pages\/1051\/revisions"}],"predecessor-version":[{"id":1080,"href":"https:\/\/engqualvalworkshop.com\/pt\/wp-json\/wp\/v2\/pages\/1051\/revisions\/1080"}],"wp:attachment":[{"href":"https:\/\/engqualvalworkshop.com\/pt\/wp-json\/wp\/v2\/media?parent=1051"}],"curies":[{"name":"wp","href":"https:\/\/api.w.org\/{rel}","templated":true}]}}