{"id":1046,"date":"2022-04-06T19:14:57","date_gmt":"2022-04-06T09:14:57","guid":{"rendered":"https:\/\/engqualvalworkshop.com\/?page_id=1046"},"modified":"2022-04-06T19:55:18","modified_gmt":"2022-04-06T09:55:18","slug":"ow-video-2-1-3","status":"publish","type":"page","link":"https:\/\/engqualvalworkshop.com\/pt\/ow-video-2-1-3\/","title":{"rendered":"OW \u2013 v\u00eddeo 2 + 1 + 3"},"content":{"rendered":"<p>SAIBA COMO INICIAR SUA APLICA\u00c7\u00c3O DA VALIDA\u00c7\u00c3O DO DIPLOMA DE ENGENHARIA!!!<\/p>\n\t\t\t<a href=\"https:\/\/engineersinaustralia.com\/workshop-gratuito\" target=\"_self\" role=\"button\" rel=\"noopener\">\n\t\t\t\t\t\t\tCLIQUE AQUI PARA SE INSCREVER NO WORKSHOP ONLINE GRATUITO\n\t\t\t\t\t<\/a>\n<h2>\n\t\tvideo 2 em ingl\u00eas\n\t<\/h2>\n    <!--presto-player:video_id=8--><figure>\n    \n    \n<\/figure>        \n        <h2>\n\t\tvideo 2 em portugu\u00eas\n\t<\/h2>\n    <!--presto-player:video_id=7--><figure>\n    \n    \n<\/figure>        \n\t\t\t\t<a href=\"https:\/\/engqualvalworkshop.com\/pt\/ow-video-1-2-3\/\" target=\"_self\" itemprop=\"url\" rel=\"noopener\">\n\t\t\t\t<img loading=\"lazy\" decoding=\"async\" src=\"https:\/\/engqualvalworkshop.com\/wp-content\/uploads\/2021\/05\/PLC1-Activated-website-Bra.png\" alt=\"PLC1 Activated website\" itemprop=\"image\" height=\"169\" width=\"300\" title=\"Site PLC1 ativado\" onerror=\"this.style.display='none'\">\n\t\t\t\t<\/a>\n\t\t\t\t<a href=\"https:\/\/engqualvalworkshop.com\/pt\/ow-video-3-1-2\/\" target=\"_self\" itemprop=\"url\" rel=\"noopener\">\n\t\t\t\t<img loading=\"lazy\" decoding=\"async\" src=\"https:\/\/engqualvalworkshop.com\/wp-content\/uploads\/2021\/05\/PLC3-Activated-website-Bra.png\" alt=\"PLC3 Activated website\" itemprop=\"image\" height=\"169\" width=\"300\" title=\"Site PLC3 ativado\" onerror=\"this.style.display='none'\">\n\t\t\t\t<\/a>\n\t<p>Fa\u00e7a parte tamb\u00e9m do nosso Grupo do WhatsApp para este workshop. No grupo voc\u00ea receber\u00e1 as informa\u00e7\u00f5es mais importantes sobre o workshop. Lembre-se de que \u00e9 comum que os e-mails n\u00e3o cheguem \u00e0 sua caixa de entrada.<\/p>\n\t\t\t<a href=\"https:\/\/chat.whatsapp.com\/IehVGqtoeGN9x4Ptw6vweA\" target=\"_blank\" role=\"button\" rel=\"noopener\">\n\t\t\t\t\t\tQUERO PARTICIPAR DO GRUPO DO WHATSAPP\n\t\t\t\t\t<\/a>\n\t<p><img loading=\"lazy\" decoding=\"async\" src=\"https:\/\/engqualvalworkshop.com\/wp-content\/uploads\/2021\/05\/tick_box_green-removebg.png\" alt=\"\" width=\"75\" height=\"74\"><\/p>\n\t<p>Autorizo a inclus\u00e3o do meu n\u00famero de celular no grupo WhatsApp do workshop, e estou ciente de que meu n\u00famero de celular, nome e foto ficar\u00e3o vis\u00edveis para os outros membros do grupo.<\/p>\n<h2>\n\t\tV\u00cdDEO 2 \u2013 AS 7 PRINCIPAIS PERGUNTAS E OS 7 PRINCIPAIS ERROS\n\t<\/h2>\n\t<p>Neste v\u00eddeo #2, falo sobre as 7 principais perguntas sobre o processo de valida\u00e7\u00e3o do Diploma e tamb\u00e9m revelo os 7 principais erros que alguns engenheiros cometem ao preparar seu CDR. Al\u00e9m disso, porque muitas pessoas estavam perguntando sobre como \u00e9 o processo de valida\u00e7\u00e3o para engenheiros aut\u00f4nomos ou propriet\u00e1rios de empresas, estou abordando este t\u00f3pico neste v\u00eddeo tamb\u00e9m. E, finalmente, cubro e dou 6 exemplos pr\u00e1ticos de CPD (Desenvolvimento Profissional Cont\u00ednuo).<\/p>\n<h2>\n\t\tDeixe seus coment\u00e1rios abaixo:\n\t<\/h2>\n\t<p>Que ERRO OU PERGUNTA voc\u00ea cometeu ou teve no v\u00eddeo 2?<\/p>\n<h2>\n\t\ttestemunhos de alguns engenheiros(as) validados(as) na austr\u00e1lia\n\t<\/h2>\n    <!--presto-player:video_id=3--><figure>\n    \n    \n<\/figure>        \n    <!--presto-player:video_id=2--><figure>\n    \n    \n<\/figure>        \n    <!--presto-player:video_id=4--><figure>\n    \n    \n<\/figure>        \n    <!--presto-player:video_id=1--><figure>\n    \n    \n<\/figure>","protected":false},"excerpt":{"rendered":"<p>SAIBA COMO INICIAR SEU APLICATIVO DE VALIDA\u00c7\u00c3O DE QUALIFICA\u00c7\u00c3O DE ENGENHARIA!!! CLIQUE AQUI PARA SE INSCREVER NO WORKSHOP ONLINE GRATUITO video 2 in english video 2 in english Participe tamb\u00e9m do nosso Grupo de WhatsApp para este workshop. No grupo voc\u00ea receber\u00e1 as informa\u00e7\u00f5es mais importantes sobre o workshop. Lembre-se que \u00e9 comum que os e-mails sejam\u2026<\/p>\n<p class=\"read-more\"> <a class=\"\" href=\"https:\/\/engqualvalworkshop.com\/pt\/ow-video-2-1-3\/\"> <span class=\"screen-reader-text\">OW \u2013 v\u00eddeo 2 + 1 + 3<\/span> Leia mais \u00bb<\/a><\/p>","protected":false},"author":1,"featured_media":0,"parent":0,"menu_order":0,"comment_status":"closed","ping_status":"open","template":"","meta":{"om_disable_all_campaigns":false,"_monsterinsights_skip_tracking":false,"_monsterinsights_sitenote_active":false,"_monsterinsights_sitenote_note":"","_monsterinsights_sitenote_category":0,"footnotes":""},"class_list":["post-1046","page","type-page","status-publish","hentry"],"jetpack_sharing_enabled":true,"_links":{"self":[{"href":"https:\/\/engqualvalworkshop.com\/pt\/wp-json\/wp\/v2\/pages\/1046","targetHints":{"allow":["GET"]}}],"collection":[{"href":"https:\/\/engqualvalworkshop.com\/pt\/wp-json\/wp\/v2\/pages"}],"about":[{"href":"https:\/\/engqualvalworkshop.com\/pt\/wp-json\/wp\/v2\/types\/page"}],"author":[{"embeddable":true,"href":"https:\/\/engqualvalworkshop.com\/pt\/wp-json\/wp\/v2\/users\/1"}],"replies":[{"embeddable":true,"href":"https:\/\/engqualvalworkshop.com\/pt\/wp-json\/wp\/v2\/comments?post=1046"}],"version-history":[{"count":4,"href":"https:\/\/engqualvalworkshop.com\/pt\/wp-json\/wp\/v2\/pages\/1046\/revisions"}],"predecessor-version":[{"id":1067,"href":"https:\/\/engqualvalworkshop.com\/pt\/wp-json\/wp\/v2\/pages\/1046\/revisions\/1067"}],"wp:attachment":[{"href":"https:\/\/engqualvalworkshop.com\/pt\/wp-json\/wp\/v2\/media?parent=1046"}],"curies":[{"name":"wp","href":"https:\/\/api.w.org\/{rel}","templated":true}]}}